{"id":6029,"date":"2021-08-04T13:47:01","date_gmt":"2021-08-04T16:47:01","guid":{"rendered":"https:\/\/toninhoferragutti.com.br\/photos\/"},"modified":"2022-08-03T12:17:52","modified_gmt":"2022-08-03T15:17:52","slug":"photos","status":"publish","type":"page","link":"https:\/\/toninhoferragutti.com.br\/en\/photos\/","title":{"rendered":"Photos"},"content":{"rendered":"\t\t<div data-elementor-type=\"wp-page\" data-elementor-id=\"6029\" class=\"elementor elementor-6029 elementor-616\" data-elementor-post-type=\"page\">\n\t\t\t\t\t\t<section class=\"elementor-section elementor-top-section elementor-element elementor-element-61b63be elementor-section-boxed elementor-section-height-default elementor-section-height-default parallax_section_no qode_elementor_container_no\" data-id=\"61b63be\" data-element_type=\"section\" data-e-type=\"section\">\n\t\t\t\t\t\t<div class=\"elementor-container elementor-column-gap-default\">\n\t\t\t\t\t<div class=\"elementor-column elementor-col-100 elementor-top-column elementor-element elementor-element-072c9a2\" data-id=\"072c9a2\" data-element_type=\"column\" data-e-type=\"column\">\n\t\t\t<div class=\"elementor-widget-wrap elementor-element-populated\">\n\t\t\t\t\t\t<div class=\"elementor-element elementor-element-a8da4ab elementor-widget elementor-widget-gallery\" data-id=\"a8da4ab\" data-element_type=\"widget\" data-e-type=\"widget\" data-settings=\"{&quot;gallery_layout&quot;:&quot;masonry&quot;,&quot;columns&quot;:3,&quot;lazyload&quot;:&quot;yes&quot;,&quot;columns_tablet&quot;:2,&quot;columns_mobile&quot;:1,&quot;gap&quot;:{&quot;unit&quot;:&quot;px&quot;,&quot;size&quot;:10,&quot;sizes&quot;:[]},&quot;gap_tablet&quot;:{&quot;unit&quot;:&quot;px&quot;,&quot;size&quot;:10,&quot;sizes&quot;:[]},&quot;gap_mobile&quot;:{&quot;unit&quot;:&quot;px&quot;,&quot;size&quot;:10,&quot;sizes&quot;:[]},&quot;link_to&quot;:&quot;file&quot;,&quot;content_hover_animation&quot;:&quot;fade-in&quot;}\" data-widget_type=\"gallery.default\">\n\t\t\t\t<div class=\"elementor-widget-container\">\n\t\t\t\t\t\t\t<div class=\"elementor-gallery__container\">\n\t\t\t\t\t\t\t<a class=\"e-gallery-item elementor-gallery-item elementor-animated-content\" href=\"https:\/\/toninhoferragutti.com.br\/wp-content\/uploads\/2021\/08\/Toninho-Ferragutti-1.jpg\" data-elementor-open-lightbox=\"yes\" data-elementor-lightbox-slideshow=\"a8da4ab\" data-elementor-lightbox-title=\"Toninho Ferragutti 1\" data-e-action-hash=\"#elementor-action%3Aaction%3Dlightbox%26settings%3DeyJpZCI6NjUzLCJ1cmwiOiJodHRwczpcL1wvdG9uaW5ob2ZlcnJhZ3V0dGkuY29tLmJyXC93cC1jb250ZW50XC91cGxvYWRzXC8yMDIxXC8wOFwvVG9uaW5oby1GZXJyYWd1dHRpLTEuanBnIiwic2xpZGVzaG93IjoiYThkYTRhYiJ9\">\n\t\t\t\t\t<div class=\"e-gallery-image elementor-gallery-item__image\" data-thumbnail=\"https:\/\/toninhoferragutti.com.br\/wp-content\/uploads\/2021\/08\/Toninho-Ferragutti-1.jpg\" data-width=\"640\" data-height=\"960\" aria-label=\"\" role=\"img\" ><\/div>\n\t\t\t\t\t\t\t\t\t\t\t\t\t\t<\/a>\n\t\t\t\t\t\t\t<a class=\"e-gallery-item elementor-gallery-item elementor-animated-content\" href=\"https:\/\/toninhoferragutti.com.br\/wp-content\/uploads\/2021\/08\/Toninho-Ferragutti-41-scaled.jpg\" data-elementor-open-lightbox=\"yes\" data-elementor-lightbox-slideshow=\"a8da4ab\" data-elementor-lightbox-title=\"Toninho Ferragutti 41\" data-e-action-hash=\"#elementor-action%3Aaction%3Dlightbox%26settings%3DeyJpZCI6NjcwLCJ1cmwiOiJodHRwczpcL1wvdG9uaW5ob2ZlcnJhZ3V0dGkuY29tLmJyXC93cC1jb250ZW50XC91cGxvYWRzXC8yMDIxXC8wOFwvVG9uaW5oby1GZXJyYWd1dHRpLTQxLXNjYWxlZC5qcGciLCJzbGlkZXNob3ciOiJhOGRhNGFiIn0%3D\">\n\t\t\t\t\t<div class=\"e-gallery-image elementor-gallery-item__image\" data-thumbnail=\"https:\/\/toninhoferragutti.com.br\/wp-content\/uploads\/2021\/08\/Toninho-Ferragutti-41-1024x683.jpg\" data-width=\"1024\" data-height=\"683\" aria-label=\"\" role=\"img\" ><\/div>\n\t\t\t\t\t\t\t\t\t\t\t\t\t\t<\/a>\n\t\t\t\t\t\t\t<a class=\"e-gallery-item elementor-gallery-item elementor-animated-content\" href=\"https:\/\/toninhoferragutti.com.br\/wp-content\/uploads\/2021\/08\/Toninho-Ferragutti-20.jpg\" data-elementor-open-lightbox=\"yes\" data-elementor-lightbox-slideshow=\"a8da4ab\" data-elementor-lightbox-title=\"Toninho Ferragutti 20\" data-e-action-hash=\"#elementor-action%3Aaction%3Dlightbox%26settings%3DeyJpZCI6NjY2LCJ1cmwiOiJodHRwczpcL1wvdG9uaW5ob2ZlcnJhZ3V0dGkuY29tLmJyXC93cC1jb250ZW50XC91cGxvYWRzXC8yMDIxXC8wOFwvVG9uaW5oby1GZXJyYWd1dHRpLTIwLmpwZyIsInNsaWRlc2hvdyI6ImE4ZGE0YWIifQ%3D%3D\">\n\t\t\t\t\t<div class=\"e-gallery-image elementor-gallery-item__image\" data-thumbnail=\"https:\/\/toninhoferragutti.com.br\/wp-content\/uploads\/2021\/08\/Toninho-Ferragutti-20-1024x683.jpg\" data-width=\"1024\" data-height=\"683\" aria-label=\"\" role=\"img\" ><\/div>\n\t\t\t\t\t\t\t\t\t\t\t\t\t\t<\/a>\n\t\t\t\t\t\t\t<a class=\"e-gallery-item elementor-gallery-item elementor-animated-content\" href=\"https:\/\/toninhoferragutti.com.br\/wp-content\/uploads\/2021\/08\/Toninho-Ferragutti-22.jpg\" data-elementor-open-lightbox=\"yes\" data-elementor-lightbox-slideshow=\"a8da4ab\" data-elementor-lightbox-title=\"Toninho Ferragutti 22\" data-e-action-hash=\"#elementor-action%3Aaction%3Dlightbox%26settings%3DeyJpZCI6NjY4LCJ1cmwiOiJodHRwczpcL1wvdG9uaW5ob2ZlcnJhZ3V0dGkuY29tLmJyXC93cC1jb250ZW50XC91cGxvYWRzXC8yMDIxXC8wOFwvVG9uaW5oby1GZXJyYWd1dHRpLTIyLmpwZyIsInNsaWRlc2hvdyI6ImE4ZGE0YWIifQ%3D%3D\">\n\t\t\t\t\t<div class=\"e-gallery-image elementor-gallery-item__image\" data-thumbnail=\"https:\/\/toninhoferragutti.com.br\/wp-content\/uploads\/2021\/08\/Toninho-Ferragutti-22-683x1024.jpg\" data-width=\"683\" data-height=\"1024\" aria-label=\"\" role=\"img\" ><\/div>\n\t\t\t\t\t\t\t\t\t\t\t\t\t\t<\/a>\n\t\t\t\t\t\t\t<a class=\"e-gallery-item elementor-gallery-item elementor-animated-content\" href=\"https:\/\/toninhoferragutti.com.br\/wp-content\/uploads\/2021\/08\/Toninho-Ferragutti-2.jpg\" data-elementor-open-lightbox=\"yes\" data-elementor-lightbox-slideshow=\"a8da4ab\" data-elementor-lightbox-title=\"Toninho Ferragutti 2\" data-e-action-hash=\"#elementor-action%3Aaction%3Dlightbox%26settings%3DeyJpZCI6NjU0LCJ1cmwiOiJodHRwczpcL1wvdG9uaW5ob2ZlcnJhZ3V0dGkuY29tLmJyXC93cC1jb250ZW50XC91cGxvYWRzXC8yMDIxXC8wOFwvVG9uaW5oby1GZXJyYWd1dHRpLTIuanBnIiwic2xpZGVzaG93IjoiYThkYTRhYiJ9\">\n\t\t\t\t\t<div class=\"e-gallery-image elementor-gallery-item__image\" data-thumbnail=\"https:\/\/toninhoferragutti.com.br\/wp-content\/uploads\/2021\/08\/Toninho-Ferragutti-2.jpg\" data-width=\"640\" data-height=\"960\" aria-label=\"\" role=\"img\" ><\/div>\n\t\t\t\t\t\t\t\t\t\t\t\t\t\t<\/a>\n\t\t\t\t\t\t\t<a class=\"e-gallery-item elementor-gallery-item elementor-animated-content\" href=\"https:\/\/toninhoferragutti.com.br\/wp-content\/uploads\/2021\/08\/Toninho-Ferragutti-3.jpg\" data-elementor-open-lightbox=\"yes\" data-elementor-lightbox-slideshow=\"a8da4ab\" data-elementor-lightbox-title=\"Toninho Ferragutti 3\" data-e-action-hash=\"#elementor-action%3Aaction%3Dlightbox%26settings%3DeyJpZCI6NjU1LCJ1cmwiOiJodHRwczpcL1wvdG9uaW5ob2ZlcnJhZ3V0dGkuY29tLmJyXC93cC1jb250ZW50XC91cGxvYWRzXC8yMDIxXC8wOFwvVG9uaW5oby1GZXJyYWd1dHRpLTMuanBnIiwic2xpZGVzaG93IjoiYThkYTRhYiJ9\">\n\t\t\t\t\t<div class=\"e-gallery-image elementor-gallery-item__image\" data-thumbnail=\"https:\/\/toninhoferragutti.com.br\/wp-content\/uploads\/2021\/08\/Toninho-Ferragutti-3.jpg\" data-width=\"640\" data-height=\"960\" aria-label=\"\" role=\"img\" ><\/div>\n\t\t\t\t\t\t\t\t\t\t\t\t\t\t<\/a>\n\t\t\t\t\t\t\t<a class=\"e-gallery-item elementor-gallery-item elementor-animated-content\" href=\"https:\/\/toninhoferragutti.com.br\/wp-content\/uploads\/2021\/08\/Toninho-Ferragutti-31.jpg\" data-elementor-open-lightbox=\"yes\" data-elementor-lightbox-slideshow=\"a8da4ab\" data-elementor-lightbox-title=\"Toninho Ferragutti 31\" data-e-action-hash=\"#elementor-action%3Aaction%3Dlightbox%26settings%3DeyJpZCI6NjY5LCJ1cmwiOiJodHRwczpcL1wvdG9uaW5ob2ZlcnJhZ3V0dGkuY29tLmJyXC93cC1jb250ZW50XC91cGxvYWRzXC8yMDIxXC8wOFwvVG9uaW5oby1GZXJyYWd1dHRpLTMxLmpwZyIsInNsaWRlc2hvdyI6ImE4ZGE0YWIifQ%3D%3D\">\n\t\t\t\t\t<div class=\"e-gallery-image elementor-gallery-item__image\" data-thumbnail=\"https:\/\/toninhoferragutti.com.br\/wp-content\/uploads\/2021\/08\/Toninho-Ferragutti-31-1024x683.jpg\" data-width=\"1024\" data-height=\"683\" aria-label=\"\" role=\"img\" ><\/div>\n\t\t\t\t\t\t\t\t\t\t\t\t\t\t<\/a>\n\t\t\t\t\t\t\t<a class=\"e-gallery-item elementor-gallery-item elementor-animated-content\" href=\"https:\/\/toninhoferragutti.com.br\/wp-content\/uploads\/2021\/08\/Toninho-Ferragutti-4.jpg\" data-elementor-open-lightbox=\"yes\" data-elementor-lightbox-slideshow=\"a8da4ab\" data-elementor-lightbox-title=\"Toninho Ferragutti 4\" data-e-action-hash=\"#elementor-action%3Aaction%3Dlightbox%26settings%3DeyJpZCI6NjU2LCJ1cmwiOiJodHRwczpcL1wvdG9uaW5ob2ZlcnJhZ3V0dGkuY29tLmJyXC93cC1jb250ZW50XC91cGxvYWRzXC8yMDIxXC8wOFwvVG9uaW5oby1GZXJyYWd1dHRpLTQuanBnIiwic2xpZGVzaG93IjoiYThkYTRhYiJ9\">\n\t\t\t\t\t<div class=\"e-gallery-image elementor-gallery-item__image\" data-thumbnail=\"https:\/\/toninhoferragutti.com.br\/wp-content\/uploads\/2021\/08\/Toninho-Ferragutti-4.jpg\" data-width=\"640\" data-height=\"960\" aria-label=\"\" role=\"img\" ><\/div>\n\t\t\t\t\t\t\t\t\t\t\t\t\t\t<\/a>\n\t\t\t\t\t\t\t<a class=\"e-gallery-item elementor-gallery-item elementor-animated-content\" href=\"https:\/\/toninhoferragutti.com.br\/wp-content\/uploads\/2021\/08\/Toninho-Ferragutti-5.jpg\" data-elementor-open-lightbox=\"yes\" data-elementor-lightbox-slideshow=\"a8da4ab\" data-elementor-lightbox-title=\"Toninho Ferragutti 5\" data-e-action-hash=\"#elementor-action%3Aaction%3Dlightbox%26settings%3DeyJpZCI6NjU3LCJ1cmwiOiJodHRwczpcL1wvdG9uaW5ob2ZlcnJhZ3V0dGkuY29tLmJyXC93cC1jb250ZW50XC91cGxvYWRzXC8yMDIxXC8wOFwvVG9uaW5oby1GZXJyYWd1dHRpLTUuanBnIiwic2xpZGVzaG93IjoiYThkYTRhYiJ9\">\n\t\t\t\t\t<div class=\"e-gallery-image elementor-gallery-item__image\" data-thumbnail=\"https:\/\/toninhoferragutti.com.br\/wp-content\/uploads\/2021\/08\/Toninho-Ferragutti-5.jpg\" data-width=\"640\" data-height=\"960\" aria-label=\"\" role=\"img\" ><\/div>\n\t\t\t\t\t\t\t\t\t\t\t\t\t\t<\/a>\n\t\t\t\t\t\t\t<a class=\"e-gallery-item elementor-gallery-item elementor-animated-content\" href=\"https:\/\/toninhoferragutti.com.br\/wp-content\/uploads\/2021\/08\/Toninho-Ferragutti-6.jpg\" data-elementor-open-lightbox=\"yes\" data-elementor-lightbox-slideshow=\"a8da4ab\" data-elementor-lightbox-title=\"Toninho Ferragutti 6\" data-e-action-hash=\"#elementor-action%3Aaction%3Dlightbox%26settings%3DeyJpZCI6NjU4LCJ1cmwiOiJodHRwczpcL1wvdG9uaW5ob2ZlcnJhZ3V0dGkuY29tLmJyXC93cC1jb250ZW50XC91cGxvYWRzXC8yMDIxXC8wOFwvVG9uaW5oby1GZXJyYWd1dHRpLTYuanBnIiwic2xpZGVzaG93IjoiYThkYTRhYiJ9\">\n\t\t\t\t\t<div class=\"e-gallery-image elementor-gallery-item__image\" data-thumbnail=\"https:\/\/toninhoferragutti.com.br\/wp-content\/uploads\/2021\/08\/Toninho-Ferragutti-6.jpg\" data-width=\"640\" data-height=\"960\" aria-label=\"\" role=\"img\" ><\/div>\n\t\t\t\t\t\t\t\t\t\t\t\t\t\t<\/a>\n\t\t\t\t\t\t\t<a class=\"e-gallery-item elementor-gallery-item elementor-animated-content\" href=\"https:\/\/toninhoferragutti.com.br\/wp-content\/uploads\/2021\/08\/Toninho-Ferragutti-11-scaled.jpg\" data-elementor-open-lightbox=\"yes\" data-elementor-lightbox-slideshow=\"a8da4ab\" data-elementor-lightbox-title=\"Toninho Ferragutti 11\" data-e-action-hash=\"#elementor-action%3Aaction%3Dlightbox%26settings%3DeyJpZCI6NjYzLCJ1cmwiOiJodHRwczpcL1wvdG9uaW5ob2ZlcnJhZ3V0dGkuY29tLmJyXC93cC1jb250ZW50XC91cGxvYWRzXC8yMDIxXC8wOFwvVG9uaW5oby1GZXJyYWd1dHRpLTExLXNjYWxlZC5qcGciLCJzbGlkZXNob3ciOiJhOGRhNGFiIn0%3D\">\n\t\t\t\t\t<div class=\"e-gallery-image elementor-gallery-item__image\" data-thumbnail=\"https:\/\/toninhoferragutti.com.br\/wp-content\/uploads\/2021\/08\/Toninho-Ferragutti-11-683x1024.jpg\" data-width=\"683\" data-height=\"1024\" aria-label=\"\" role=\"img\" ><\/div>\n\t\t\t\t\t\t\t\t\t\t\t\t\t\t<\/a>\n\t\t\t\t\t\t\t<a class=\"e-gallery-item elementor-gallery-item elementor-animated-content\" href=\"https:\/\/toninhoferragutti.com.br\/wp-content\/uploads\/2021\/08\/Toninho-Ferragutti-12.jpg\" data-elementor-open-lightbox=\"yes\" data-elementor-lightbox-slideshow=\"a8da4ab\" data-elementor-lightbox-title=\"Toninho Ferragutti 12\" data-e-action-hash=\"#elementor-action%3Aaction%3Dlightbox%26settings%3DeyJpZCI6NjY0LCJ1cmwiOiJodHRwczpcL1wvdG9uaW5ob2ZlcnJhZ3V0dGkuY29tLmJyXC93cC1jb250ZW50XC91cGxvYWRzXC8yMDIxXC8wOFwvVG9uaW5oby1GZXJyYWd1dHRpLTEyLmpwZyIsInNsaWRlc2hvdyI6ImE4ZGE0YWIifQ%3D%3D\">\n\t\t\t\t\t<div class=\"e-gallery-image elementor-gallery-item__image\" data-thumbnail=\"https:\/\/toninhoferragutti.com.br\/wp-content\/uploads\/2021\/08\/Toninho-Ferragutti-12-1024x683.jpg\" data-width=\"1024\" data-height=\"683\" aria-label=\"\" role=\"img\" ><\/div>\n\t\t\t\t\t\t\t\t\t\t\t\t\t\t<\/a>\n\t\t\t\t\t\t\t<a class=\"e-gallery-item elementor-gallery-item elementor-animated-content\" href=\"https:\/\/toninhoferragutti.com.br\/wp-content\/uploads\/2021\/08\/Toninho-Ferragutti-15.jpg\" data-elementor-open-lightbox=\"yes\" data-elementor-lightbox-slideshow=\"a8da4ab\" data-elementor-lightbox-title=\"Toninho Ferragutti 15\" data-e-action-hash=\"#elementor-action%3Aaction%3Dlightbox%26settings%3DeyJpZCI6NjY1LCJ1cmwiOiJodHRwczpcL1wvdG9uaW5ob2ZlcnJhZ3V0dGkuY29tLmJyXC93cC1jb250ZW50XC91cGxvYWRzXC8yMDIxXC8wOFwvVG9uaW5oby1GZXJyYWd1dHRpLTE1LmpwZyIsInNsaWRlc2hvdyI6ImE4ZGE0YWIifQ%3D%3D\">\n\t\t\t\t\t<div class=\"e-gallery-image elementor-gallery-item__image\" data-thumbnail=\"https:\/\/toninhoferragutti.com.br\/wp-content\/uploads\/2021\/08\/Toninho-Ferragutti-15-1024x576.jpg\" data-width=\"1024\" data-height=\"576\" aria-label=\"\" role=\"img\" ><\/div>\n\t\t\t\t\t\t\t\t\t\t\t\t\t\t<\/a>\n\t\t\t\t\t\t\t<a class=\"e-gallery-item elementor-gallery-item elementor-animated-content\" href=\"https:\/\/toninhoferragutti.com.br\/wp-content\/uploads\/2021\/08\/Toninho-Ferragutti-21-scaled.jpg\" data-elementor-open-lightbox=\"yes\" data-elementor-lightbox-slideshow=\"a8da4ab\" data-elementor-lightbox-title=\"Toninho Ferragutti 21\" data-e-action-hash=\"#elementor-action%3Aaction%3Dlightbox%26settings%3DeyJpZCI6NjY3LCJ1cmwiOiJodHRwczpcL1wvdG9uaW5ob2ZlcnJhZ3V0dGkuY29tLmJyXC93cC1jb250ZW50XC91cGxvYWRzXC8yMDIxXC8wOFwvVG9uaW5oby1GZXJyYWd1dHRpLTIxLXNjYWxlZC5qcGciLCJzbGlkZXNob3ciOiJhOGRhNGFiIn0%3D\">\n\t\t\t\t\t<div class=\"e-gallery-image elementor-gallery-item__image\" data-thumbnail=\"https:\/\/toninhoferragutti.com.br\/wp-content\/uploads\/2021\/08\/Toninho-Ferragutti-21-1024x683.jpg\" data-width=\"1024\" data-height=\"683\" aria-label=\"\" role=\"img\" ><\/div>\n\t\t\t\t\t\t\t\t\t\t\t\t\t\t<\/a>\n\t\t\t\t\t\t\t<a class=\"e-gallery-item elementor-gallery-item elementor-animated-content\" href=\"https:\/\/toninhoferragutti.com.br\/wp-content\/uploads\/2021\/08\/Toninho-Ferragutti-118.jpg\" data-elementor-open-lightbox=\"yes\" data-elementor-lightbox-slideshow=\"a8da4ab\" data-elementor-lightbox-title=\"Toninho Ferragutti 118\" data-e-action-hash=\"#elementor-action%3Aaction%3Dlightbox%26settings%3DeyJpZCI6NjcxLCJ1cmwiOiJodHRwczpcL1wvdG9uaW5ob2ZlcnJhZ3V0dGkuY29tLmJyXC93cC1jb250ZW50XC91cGxvYWRzXC8yMDIxXC8wOFwvVG9uaW5oby1GZXJyYWd1dHRpLTExOC5qcGciLCJzbGlkZXNob3ciOiJhOGRhNGFiIn0%3D\">\n\t\t\t\t\t<div class=\"e-gallery-image elementor-gallery-item__image\" data-thumbnail=\"https:\/\/toninhoferragutti.com.br\/wp-content\/uploads\/2021\/08\/Toninho-Ferragutti-118.jpg\" data-width=\"960\" data-height=\"641\" aria-label=\"\" role=\"img\" ><\/div>\n\t\t\t\t\t\t\t\t\t\t\t\t\t\t<\/a>\n\t\t\t\t\t<\/div>\n\t\t\t\t\t<\/div>\n\t\t\t\t<\/div>\n\t\t\t\t\t<\/div>\n\t\t<\/div>\n\t\t\t\t\t<\/div>\n\t\t<\/section>\n\t\t\t\t<\/div>\n\t\t","protected":false},"excerpt":{"rendered":"","protected":false},"author":1,"featured_media":0,"parent":0,"menu_order":0,"comment_status":"closed","ping_status":"closed","template":"","meta":{"footnotes":""},"class_list":["post-6029","page","type-page","status-publish","hentry"],"yoast_head":"<!-- This site is optimized with the Yoast SEO plugin v27.4 - https:\/\/yoast.com\/product\/yoast-seo-wordpress\/ -->\n<title>Photos - Toninho Ferragutti<\/title>\n<meta name=\"description\" content=\"Toninho Ferragutti \u00e9 acordeonista, compositor, arranjador e possui uma extensa participa\u00e7\u00e3o em centenas de cds e shows de artistas importantes da m\u00fasica brasileira.\" \/>\n<meta name=\"robots\" content=\"index, follow, max-snippet:-1, max-image-preview:large, max-video-preview:-1\" \/>\n<link rel=\"canonical\" href=\"https:\/\/toninhoferragutti.com.br\/en\/photos\/\" \/>\n<meta property=\"og:locale\" content=\"en_US\" \/>\n<meta property=\"og:type\" content=\"article\" \/>\n<meta property=\"og:title\" content=\"Photos - Toninho Ferragutti\" \/>\n<meta property=\"og:description\" content=\"Toninho Ferragutti \u00e9 acordeonista, compositor, arranjador e possui uma extensa participa\u00e7\u00e3o em centenas de cds e shows de artistas importantes da m\u00fasica brasileira.\" \/>\n<meta property=\"og:url\" content=\"https:\/\/toninhoferragutti.com.br\/en\/photos\/\" \/>\n<meta property=\"og:site_name\" content=\"Toninho Ferragutti\" \/>\n<meta property=\"article:modified_time\" content=\"2022-08-03T15:17:52+00:00\" \/>\n<meta property=\"og:image\" content=\"https:\/\/toninhoferragutti.com.br\/wp-content\/uploads\/2021\/09\/yoast.jpg\" \/>\n\t<meta property=\"og:image:width\" content=\"1200\" \/>\n\t<meta property=\"og:image:height\" content=\"630\" \/>\n\t<meta property=\"og:image:type\" content=\"image\/jpeg\" \/>\n<meta name=\"twitter:card\" content=\"summary_large_image\" \/>\n<script type=\"application\/ld+json\" class=\"yoast-schema-graph\">{\"@context\":\"https:\\\/\\\/schema.org\",\"@graph\":[{\"@type\":\"WebPage\",\"@id\":\"https:\\\/\\\/toninhoferragutti.com.br\\\/en\\\/photos\\\/\",\"url\":\"https:\\\/\\\/toninhoferragutti.com.br\\\/en\\\/photos\\\/\",\"name\":\"Photos - Toninho Ferragutti\",\"isPartOf\":{\"@id\":\"https:\\\/\\\/toninhoferragutti.com.br\\\/en\\\/#website\"},\"datePublished\":\"2021-08-04T16:47:01+00:00\",\"dateModified\":\"2022-08-03T15:17:52+00:00\",\"description\":\"Toninho Ferragutti \u00e9 acordeonista, compositor, arranjador e possui uma extensa participa\u00e7\u00e3o em centenas de cds e shows de artistas importantes da m\u00fasica brasileira.\",\"breadcrumb\":{\"@id\":\"https:\\\/\\\/toninhoferragutti.com.br\\\/en\\\/photos\\\/#breadcrumb\"},\"inLanguage\":\"en-US\",\"potentialAction\":[{\"@type\":\"ReadAction\",\"target\":[\"https:\\\/\\\/toninhoferragutti.com.br\\\/en\\\/photos\\\/\"]}]},{\"@type\":\"BreadcrumbList\",\"@id\":\"https:\\\/\\\/toninhoferragutti.com.br\\\/en\\\/photos\\\/#breadcrumb\",\"itemListElement\":[{\"@type\":\"ListItem\",\"position\":1,\"name\":\"In\u00edcio\",\"item\":\"https:\\\/\\\/toninhoferragutti.com.br\\\/en\\\/\"},{\"@type\":\"ListItem\",\"position\":2,\"name\":\"Photos\"}]},{\"@type\":\"WebSite\",\"@id\":\"https:\\\/\\\/toninhoferragutti.com.br\\\/en\\\/#website\",\"url\":\"https:\\\/\\\/toninhoferragutti.com.br\\\/en\\\/\",\"name\":\"Toninho Ferragutti\",\"description\":\"Acordeonista e Compositor\",\"publisher\":{\"@id\":\"https:\\\/\\\/toninhoferragutti.com.br\\\/en\\\/#\\\/schema\\\/person\\\/9d6b9fa4299e64312e77cf7f4237b78f\"},\"potentialAction\":[{\"@type\":\"SearchAction\",\"target\":{\"@type\":\"EntryPoint\",\"urlTemplate\":\"https:\\\/\\\/toninhoferragutti.com.br\\\/en\\\/?s={search_term_string}\"},\"query-input\":{\"@type\":\"PropertyValueSpecification\",\"valueRequired\":true,\"valueName\":\"search_term_string\"}}],\"inLanguage\":\"en-US\"},{\"@type\":[\"Person\",\"Organization\"],\"@id\":\"https:\\\/\\\/toninhoferragutti.com.br\\\/en\\\/#\\\/schema\\\/person\\\/9d6b9fa4299e64312e77cf7f4237b78f\",\"name\":\"toninho\",\"image\":{\"@type\":\"ImageObject\",\"inLanguage\":\"en-US\",\"@id\":\"https:\\\/\\\/toninhoferragutti.com.br\\\/wp-content\\\/uploads\\\/2021\\\/09\\\/toninho-ferragutti-1-mob.jpg\",\"url\":\"https:\\\/\\\/toninhoferragutti.com.br\\\/wp-content\\\/uploads\\\/2021\\\/09\\\/toninho-ferragutti-1-mob.jpg\",\"contentUrl\":\"https:\\\/\\\/toninhoferragutti.com.br\\\/wp-content\\\/uploads\\\/2021\\\/09\\\/toninho-ferragutti-1-mob.jpg\",\"width\":400,\"height\":700,\"caption\":\"toninho\"},\"logo\":{\"@id\":\"https:\\\/\\\/toninhoferragutti.com.br\\\/wp-content\\\/uploads\\\/2021\\\/09\\\/toninho-ferragutti-1-mob.jpg\"}}]}<\/script>\n<!-- \/ Yoast SEO plugin. -->","yoast_head_json":{"title":"Photos - Toninho Ferragutti","description":"Toninho Ferragutti \u00e9 acordeonista, compositor, arranjador e possui uma extensa participa\u00e7\u00e3o em centenas de cds e shows de artistas importantes da m\u00fasica brasileira.","robots":{"index":"index","follow":"follow","max-snippet":"max-snippet:-1","max-image-preview":"max-image-preview:large","max-video-preview":"max-video-preview:-1"},"canonical":"https:\/\/toninhoferragutti.com.br\/en\/photos\/","og_locale":"en_US","og_type":"article","og_title":"Photos - Toninho Ferragutti","og_description":"Toninho Ferragutti \u00e9 acordeonista, compositor, arranjador e possui uma extensa participa\u00e7\u00e3o em centenas de cds e shows de artistas importantes da m\u00fasica brasileira.","og_url":"https:\/\/toninhoferragutti.com.br\/en\/photos\/","og_site_name":"Toninho Ferragutti","article_modified_time":"2022-08-03T15:17:52+00:00","og_image":[{"width":1200,"height":630,"url":"https:\/\/toninhoferragutti.com.br\/wp-content\/uploads\/2021\/09\/yoast.jpg","type":"image\/jpeg"}],"twitter_card":"summary_large_image","schema":{"@context":"https:\/\/schema.org","@graph":[{"@type":"WebPage","@id":"https:\/\/toninhoferragutti.com.br\/en\/photos\/","url":"https:\/\/toninhoferragutti.com.br\/en\/photos\/","name":"Photos - Toninho Ferragutti","isPartOf":{"@id":"https:\/\/toninhoferragutti.com.br\/en\/#website"},"datePublished":"2021-08-04T16:47:01+00:00","dateModified":"2022-08-03T15:17:52+00:00","description":"Toninho Ferragutti \u00e9 acordeonista, compositor, arranjador e possui uma extensa participa\u00e7\u00e3o em centenas de cds e shows de artistas importantes da m\u00fasica brasileira.","breadcrumb":{"@id":"https:\/\/toninhoferragutti.com.br\/en\/photos\/#breadcrumb"},"inLanguage":"en-US","potentialAction":[{"@type":"ReadAction","target":["https:\/\/toninhoferragutti.com.br\/en\/photos\/"]}]},{"@type":"BreadcrumbList","@id":"https:\/\/toninhoferragutti.com.br\/en\/photos\/#breadcrumb","itemListElement":[{"@type":"ListItem","position":1,"name":"In\u00edcio","item":"https:\/\/toninhoferragutti.com.br\/en\/"},{"@type":"ListItem","position":2,"name":"Photos"}]},{"@type":"WebSite","@id":"https:\/\/toninhoferragutti.com.br\/en\/#website","url":"https:\/\/toninhoferragutti.com.br\/en\/","name":"Toninho Ferragutti","description":"Acordeonista e Compositor","publisher":{"@id":"https:\/\/toninhoferragutti.com.br\/en\/#\/schema\/person\/9d6b9fa4299e64312e77cf7f4237b78f"},"potentialAction":[{"@type":"SearchAction","target":{"@type":"EntryPoint","urlTemplate":"https:\/\/toninhoferragutti.com.br\/en\/?s={search_term_string}"},"query-input":{"@type":"PropertyValueSpecification","valueRequired":true,"valueName":"search_term_string"}}],"inLanguage":"en-US"},{"@type":["Person","Organization"],"@id":"https:\/\/toninhoferragutti.com.br\/en\/#\/schema\/person\/9d6b9fa4299e64312e77cf7f4237b78f","name":"toninho","image":{"@type":"ImageObject","inLanguage":"en-US","@id":"https:\/\/toninhoferragutti.com.br\/wp-content\/uploads\/2021\/09\/toninho-ferragutti-1-mob.jpg","url":"https:\/\/toninhoferragutti.com.br\/wp-content\/uploads\/2021\/09\/toninho-ferragutti-1-mob.jpg","contentUrl":"https:\/\/toninhoferragutti.com.br\/wp-content\/uploads\/2021\/09\/toninho-ferragutti-1-mob.jpg","width":400,"height":700,"caption":"toninho"},"logo":{"@id":"https:\/\/toninhoferragutti.com.br\/wp-content\/uploads\/2021\/09\/toninho-ferragutti-1-mob.jpg"}}]}},"_links":{"self":[{"href":"https:\/\/toninhoferragutti.com.br\/en\/wp-json\/wp\/v2\/pages\/6029","targetHints":{"allow":["GET"]}}],"collection":[{"href":"https:\/\/toninhoferragutti.com.br\/en\/wp-json\/wp\/v2\/pages"}],"about":[{"href":"https:\/\/toninhoferragutti.com.br\/en\/wp-json\/wp\/v2\/types\/page"}],"author":[{"embeddable":true,"href":"https:\/\/toninhoferragutti.com.br\/en\/wp-json\/wp\/v2\/users\/1"}],"replies":[{"embeddable":true,"href":"https:\/\/toninhoferragutti.com.br\/en\/wp-json\/wp\/v2\/comments?post=6029"}],"version-history":[{"count":0,"href":"https:\/\/toninhoferragutti.com.br\/en\/wp-json\/wp\/v2\/pages\/6029\/revisions"}],"wp:attachment":[{"href":"https:\/\/toninhoferragutti.com.br\/en\/wp-json\/wp\/v2\/media?parent=6029"}],"curies":[{"name":"wp","href":"https:\/\/api.w.org\/{rel}","templated":true}]}}