{"id":6055,"date":"2021-08-12T17:56:59","date_gmt":"2021-08-12T20:56:59","guid":{"rendered":"https:\/\/toninhoferragutti.com.br\/grupo-luceros-dance-toninho-ferragutti\/"},"modified":"2022-08-16T13:59:11","modified_gmt":"2022-08-16T16:59:11","slug":"grupo-luceros-dance-toninho-ferragutti","status":"publish","type":"page","link":"https:\/\/toninhoferragutti.com.br\/en\/projects\/grupo-luceros-dance-toninho-ferragutti\/","title":{"rendered":"Grupo Luceros dance Toninho Ferragutti"},"content":{"rendered":"\t\t<div data-elementor-type=\"wp-page\" data-elementor-id=\"6055\" class=\"elementor elementor-6055 elementor-747\" data-elementor-post-type=\"page\">\n\t\t\t\t\t\t<section class=\"elementor-section elementor-top-section elementor-element elementor-element-673dae21 elementor-section-boxed elementor-section-height-default elementor-section-height-default parallax_section_no qode_elementor_container_no\" data-id=\"673dae21\" data-element_type=\"section\" data-e-type=\"section\">\n\t\t\t\t\t\t<div class=\"elementor-container elementor-column-gap-default\">\n\t\t\t\t\t<div class=\"elementor-column elementor-col-100 elementor-top-column elementor-element elementor-element-1f1a719a\" data-id=\"1f1a719a\" data-element_type=\"column\" data-e-type=\"column\">\n\t\t\t<div class=\"elementor-widget-wrap elementor-element-populated\">\n\t\t\t\t\t\t<div class=\"elementor-element elementor-element-82f8fd0 elementor-widget elementor-widget-image\" data-id=\"82f8fd0\" data-element_type=\"widget\" data-e-type=\"widget\" data-widget_type=\"image.default\">\n\t\t\t\t<div class=\"elementor-widget-container\">\n\t\t\t\t\t\t\t\t\t\t\t\t\t\t\t<img fetchpriority=\"high\" decoding=\"async\" width=\"768\" height=\"384\" src=\"https:\/\/toninhoferragutti.com.br\/wp-content\/uploads\/2021\/08\/luceros-768x384.jpg\" class=\"attachment-medium_large size-medium_large wp-image-5878\" alt=\"\" srcset=\"https:\/\/toninhoferragutti.com.br\/wp-content\/uploads\/2021\/08\/luceros-768x384.jpg 768w, https:\/\/toninhoferragutti.com.br\/wp-content\/uploads\/2021\/08\/luceros-300x150.jpg 300w, https:\/\/toninhoferragutti.com.br\/wp-content\/uploads\/2021\/08\/luceros-700x350.jpg 700w, https:\/\/toninhoferragutti.com.br\/wp-content\/uploads\/2021\/08\/luceros.jpg 800w\" sizes=\"(max-width: 768px) 100vw, 768px\" \/>\t\t\t\t\t\t\t\t\t\t\t\t\t\t\t<\/div>\n\t\t\t\t<\/div>\n\t\t\t\t\t<\/div>\n\t\t<\/div>\n\t\t\t\t\t<\/div>\n\t\t<\/section>\n\t\t\t\t<section class=\"elementor-section elementor-top-section elementor-element elementor-element-1ce72598 elementor-section-boxed elementor-section-height-default elementor-section-height-default parallax_section_no qode_elementor_container_no\" data-id=\"1ce72598\" data-element_type=\"section\" data-e-type=\"section\">\n\t\t\t\t\t\t<div class=\"elementor-container elementor-column-gap-default\">\n\t\t\t\t\t<div class=\"elementor-column elementor-col-100 elementor-top-column elementor-element elementor-element-71b3f68a\" data-id=\"71b3f68a\" data-element_type=\"column\" data-e-type=\"column\">\n\t\t\t<div class=\"elementor-widget-wrap elementor-element-populated\">\n\t\t\t\t\t\t<div class=\"elementor-element elementor-element-2114956e elementor-tabs-alignment-center elementor-tabs-view-horizontal elementor-widget elementor-widget-tabs\" data-id=\"2114956e\" data-element_type=\"widget\" data-e-type=\"widget\" data-widget_type=\"tabs.default\">\n\t\t\t\t<div class=\"elementor-widget-container\">\n\t\t\t\t\t\t\t<div class=\"elementor-tabs\">\n\t\t\t<div class=\"elementor-tabs-wrapper\" role=\"tablist\" >\n\t\t\t\t\t\t\t\t\t<div id=\"elementor-tab-title-5541\" class=\"elementor-tab-title elementor-tab-desktop-title\" aria-selected=\"true\" data-tab=\"1\" role=\"tab\" tabindex=\"0\" aria-controls=\"elementor-tab-content-5541\" aria-expanded=\"false\">Release<\/div>\n\t\t\t\t\t\t\t\t\t<div id=\"elementor-tab-title-5542\" class=\"elementor-tab-title elementor-tab-desktop-title\" aria-selected=\"false\" data-tab=\"2\" role=\"tab\" tabindex=\"-1\" aria-controls=\"elementor-tab-content-5542\" aria-expanded=\"false\">Videos<\/div>\n\t\t\t\t\t\t\t\t\t<div id=\"elementor-tab-title-5543\" class=\"elementor-tab-title elementor-tab-desktop-title\" aria-selected=\"false\" data-tab=\"3\" role=\"tab\" tabindex=\"-1\" aria-controls=\"elementor-tab-content-5543\" aria-expanded=\"false\">Photos<\/div>\n\t\t\t\t\t\t\t<\/div>\n\t\t\t<div class=\"elementor-tabs-content-wrapper\" role=\"tablist\" aria-orientation=\"vertical\">\n\t\t\t\t\t\t\t\t\t<div class=\"elementor-tab-title elementor-tab-mobile-title\" aria-selected=\"true\" data-tab=\"1\" role=\"tab\" tabindex=\"0\" aria-controls=\"elementor-tab-content-5541\" aria-expanded=\"false\">Release<\/div>\n\t\t\t\t\t<div id=\"elementor-tab-content-5541\" class=\"elementor-tab-content elementor-clearfix\" data-tab=\"1\" role=\"tabpanel\" aria-labelledby=\"elementor-tab-title-5541\" tabindex=\"0\" hidden=\"false\"><div id=\"tab-tab-4714-1-0-1-4714-0\" class=\"tab-content\"><p>The show \u201cLuceros Arte Flamenco Group dance Toninho Ferragutti\u201d presents the vibrant result of the encounter of the Luceros Group with the musician and composer Toninho Ferragutti, tracing the route traveled between traditional flamenco dance and the Brazilaness expression of its components, in a dialogue that uncovers new creative perspectives and ally the flamenco dance to several artistic tendencies.<\/p><p>It\u2019s Flamenco expressed with a large originality, with a good, light, simple Brazilian pinch, but very engaging and original, above all .<\/p><p>This show was created in 2009 and participated in the Cultural Circuit of the Secretary of Culture of the State of S\u00e3o Paulo. Until nowadays, wherever it\u2019s presented, it leaves a mark in the audience that is left surprised with the vibration and harmony between music and dance.<\/p><p>The show allows a creative and original reinterpretation of the Flamenco dance, proposing that the strong and passionate beat of this dance, its tapping, the hips, hands and arms movements meet the Brazilian rhythms, seasoned with a little joy and sadness, melancholy and euphoria, on the musical score created with exclusivity by the composer.<\/p><p>The outfits, the choreography and the music allow the Flamenco Dance to continue in another context. On the stage are the bailaores with their skirts, ruffles, flowers, shoes, boots, fangs and castanets which dance melodies that mix tango with the Arabian percussion of the Flamenco, the clarinet of the \u2018choro\u2019, the accordion with the \u2018xotes\u2019, \u2018maracatus\u2019, bai\u00f5es\u2019 and \u2018forr\u00f3s\u2019.<\/p><p> <\/p><p><strong>Dancers:<\/strong><\/p><p><br>Alessandra Kalaf<br>Andr\u00e9 Pimentel<br>Priscila Grassi<\/p><p> <\/p><p><strong>Musicians:<br><\/strong><br>Toninho Ferragutti \u2013 accordion<br>Alexandre Ribeiro \u2013 clarinet<br>Roberto Angerosa \u2013 percussion<br>Z\u00e9 Alexandre Carvalho \u2013 bass<\/p><\/div><\/div>\n\t\t\t\t\t\t\t\t\t<div class=\"elementor-tab-title elementor-tab-mobile-title\" aria-selected=\"false\" data-tab=\"2\" role=\"tab\" tabindex=\"-1\" aria-controls=\"elementor-tab-content-5542\" aria-expanded=\"false\">Videos<\/div>\n\t\t\t\t\t<div id=\"elementor-tab-content-5542\" class=\"elementor-tab-content elementor-clearfix\" data-tab=\"2\" role=\"tabpanel\" aria-labelledby=\"elementor-tab-title-5542\" tabindex=\"0\" hidden=\"hidden\"><p><iframe title=\"EPK GRUPO LUCEROS DAN\u00c7A TONINHO FERRAGUTTI\" width=\"1060\" height=\"596\" data-src=\"https:\/\/www.youtube.com\/embed\/9zC3nC_TbhY?feature=oembed\" frameborder=\"0\" allow=\"accelerometer; autoplay; clipboard-write; encrypted-media; gyroscope; picture-in-picture\" allowfullscreen src=\"data:image\/svg+xml;base64,PHN2ZyB3aWR0aD0iMSIgaGVpZ2h0PSIxIiB4bWxucz0iaHR0cDovL3d3dy53My5vcmcvMjAwMC9zdmciPjwvc3ZnPg==\" class=\"lazyload\" data-load-mode=\"1\"><\/iframe><\/p><p> <\/p><p><iframe title=\"NA SOMBRA DA ASA BRANCA\" width=\"1060\" height=\"596\" data-src=\"https:\/\/www.youtube.com\/embed\/OkfdpARyNPM?feature=oembed\" frameborder=\"0\" allow=\"accelerometer; autoplay; clipboard-write; encrypted-media; gyroscope; picture-in-picture\" allowfullscreen src=\"data:image\/svg+xml;base64,PHN2ZyB3aWR0aD0iMSIgaGVpZ2h0PSIxIiB4bWxucz0iaHR0cDovL3d3dy53My5vcmcvMjAwMC9zdmciPjwvc3ZnPg==\" class=\"lazyload\" data-load-mode=\"1\"><\/iframe><\/p><p> <\/p><p><iframe title=\"FLAMENTA\" width=\"1060\" height=\"596\" data-src=\"https:\/\/www.youtube.com\/embed\/6-cklCVrTKM?feature=oembed\" frameborder=\"0\" allow=\"accelerometer; autoplay; clipboard-write; encrypted-media; gyroscope; picture-in-picture\" allowfullscreen src=\"data:image\/svg+xml;base64,PHN2ZyB3aWR0aD0iMSIgaGVpZ2h0PSIxIiB4bWxucz0iaHR0cDovL3d3dy53My5vcmcvMjAwMC9zdmciPjwvc3ZnPg==\" class=\"lazyload\" data-load-mode=\"1\"><\/iframe><\/p><p> <\/p><\/div>\n\t\t\t\t\t\t\t\t\t<div class=\"elementor-tab-title elementor-tab-mobile-title\" aria-selected=\"false\" data-tab=\"3\" role=\"tab\" tabindex=\"-1\" aria-controls=\"elementor-tab-content-5543\" aria-expanded=\"false\">Photos<\/div>\n\t\t\t\t\t<div id=\"elementor-tab-content-5543\" class=\"elementor-tab-content elementor-clearfix\" data-tab=\"3\" role=\"tabpanel\" aria-labelledby=\"elementor-tab-title-5543\" tabindex=\"0\" hidden=\"hidden\"><p>\n\t\t<style type=\"text\/css\">\n\t\t\t#gallery-1 {\n\t\t\t\tmargin: auto;\n\t\t\t}\n\t\t\t#gallery-1 .gallery-item {\n\t\t\t\tfloat: left;\n\t\t\t\tmargin-top: 10px;\n\t\t\t\ttext-align: center;\n\t\t\t\twidth: 100%;\n\t\t\t}\n\t\t\t#gallery-1 img {\n\t\t\t\tborder: 2px solid #cfcfcf;\n\t\t\t}\n\t\t\t#gallery-1 .gallery-caption {\n\t\t\t\tmargin-left: 0;\n\t\t\t}\n\t\t\t\/* see gallery_shortcode() in wp-includes\/media.php *\/\n\t\t<\/style>\n\t\t<div id='gallery-1' class='gallery galleryid-6055 gallery-columns-1 gallery-size-full'><dl class='gallery-item'>\n\t\t\t<dt class='gallery-icon portrait'>\n\t\t\t\t<img decoding=\"async\" width=\"640\" height=\"960\" data-src=\"https:\/\/toninhoferragutti.com.br\/wp-content\/uploads\/2021\/08\/DSCN0210.jpg\" class=\"attachment-full size-full lazyload\" alt=\"\" data-srcset=\"https:\/\/toninhoferragutti.com.br\/wp-content\/uploads\/2021\/08\/DSCN0210.jpg 640w, https:\/\/toninhoferragutti.com.br\/wp-content\/uploads\/2021\/08\/DSCN0210-200x300.jpg 200w\" data-sizes=\"(max-width: 640px) 100vw, 640px\" src=\"data:image\/svg+xml;base64,PHN2ZyB3aWR0aD0iMSIgaGVpZ2h0PSIxIiB4bWxucz0iaHR0cDovL3d3dy53My5vcmcvMjAwMC9zdmciPjwvc3ZnPg==\" style=\"--smush-placeholder-width: 640px; --smush-placeholder-aspect-ratio: 640\/960;\" \/>\n\t\t\t<\/dt><\/dl><br style=\"clear: both\" \/><dl class='gallery-item'>\n\t\t\t<dt class='gallery-icon portrait'>\n\t\t\t\t<img decoding=\"async\" width=\"640\" height=\"960\" data-src=\"https:\/\/toninhoferragutti.com.br\/wp-content\/uploads\/2021\/08\/luceros-danC3A7a-ferragutti-foto1_jpg.jpg\" class=\"attachment-full size-full lazyload\" alt=\"\" data-srcset=\"https:\/\/toninhoferragutti.com.br\/wp-content\/uploads\/2021\/08\/luceros-danC3A7a-ferragutti-foto1_jpg.jpg 640w, https:\/\/toninhoferragutti.com.br\/wp-content\/uploads\/2021\/08\/luceros-danC3A7a-ferragutti-foto1_jpg-200x300.jpg 200w\" data-sizes=\"(max-width: 640px) 100vw, 640px\" src=\"data:image\/svg+xml;base64,PHN2ZyB3aWR0aD0iMSIgaGVpZ2h0PSIxIiB4bWxucz0iaHR0cDovL3d3dy53My5vcmcvMjAwMC9zdmciPjwvc3ZnPg==\" style=\"--smush-placeholder-width: 640px; --smush-placeholder-aspect-ratio: 640\/960;\" \/>\n\t\t\t<\/dt><\/dl><br style=\"clear: both\" \/><dl class='gallery-item'>\n\t\t\t<dt class='gallery-icon portrait'>\n\t\t\t\t<img decoding=\"async\" width=\"640\" height=\"960\" data-src=\"https:\/\/toninhoferragutti.com.br\/wp-content\/uploads\/2021\/08\/luceros-danC3A7a-ferragutti-foto2_jpg.jpg\" class=\"attachment-full size-full lazyload\" alt=\"\" data-srcset=\"https:\/\/toninhoferragutti.com.br\/wp-content\/uploads\/2021\/08\/luceros-danC3A7a-ferragutti-foto2_jpg.jpg 640w, https:\/\/toninhoferragutti.com.br\/wp-content\/uploads\/2021\/08\/luceros-danC3A7a-ferragutti-foto2_jpg-200x300.jpg 200w\" data-sizes=\"(max-width: 640px) 100vw, 640px\" src=\"data:image\/svg+xml;base64,PHN2ZyB3aWR0aD0iMSIgaGVpZ2h0PSIxIiB4bWxucz0iaHR0cDovL3d3dy53My5vcmcvMjAwMC9zdmciPjwvc3ZnPg==\" style=\"--smush-placeholder-width: 640px; --smush-placeholder-aspect-ratio: 640\/960;\" \/>\n\t\t\t<\/dt><\/dl><br style=\"clear: both\" \/><dl class='gallery-item'>\n\t\t\t<dt class='gallery-icon landscape'>\n\t\t\t\t<img decoding=\"async\" width=\"640\" height=\"427\" data-src=\"https:\/\/toninhoferragutti.com.br\/wp-content\/uploads\/2021\/08\/luceros-danC3A7a-ferragutti-foto4_jpg.jpg\" class=\"attachment-full size-full lazyload\" alt=\"\" data-srcset=\"https:\/\/toninhoferragutti.com.br\/wp-content\/uploads\/2021\/08\/luceros-danC3A7a-ferragutti-foto4_jpg.jpg 640w, https:\/\/toninhoferragutti.com.br\/wp-content\/uploads\/2021\/08\/luceros-danC3A7a-ferragutti-foto4_jpg-300x200.jpg 300w\" data-sizes=\"(max-width: 640px) 100vw, 640px\" src=\"data:image\/svg+xml;base64,PHN2ZyB3aWR0aD0iMSIgaGVpZ2h0PSIxIiB4bWxucz0iaHR0cDovL3d3dy53My5vcmcvMjAwMC9zdmciPjwvc3ZnPg==\" style=\"--smush-placeholder-width: 640px; --smush-placeholder-aspect-ratio: 640\/427;\" \/>\n\t\t\t<\/dt><\/dl><br style=\"clear: both\" \/><dl class='gallery-item'>\n\t\t\t<dt class='gallery-icon portrait'>\n\t\t\t\t<img decoding=\"async\" width=\"640\" height=\"960\" data-src=\"https:\/\/toninhoferragutti.com.br\/wp-content\/uploads\/2021\/08\/luceros-danC3A7a-ferragutti-foto5_jpg.jpg\" class=\"attachment-full size-full lazyload\" alt=\"\" data-srcset=\"https:\/\/toninhoferragutti.com.br\/wp-content\/uploads\/2021\/08\/luceros-danC3A7a-ferragutti-foto5_jpg.jpg 640w, https:\/\/toninhoferragutti.com.br\/wp-content\/uploads\/2021\/08\/luceros-danC3A7a-ferragutti-foto5_jpg-200x300.jpg 200w\" data-sizes=\"(max-width: 640px) 100vw, 640px\" src=\"data:image\/svg+xml;base64,PHN2ZyB3aWR0aD0iMSIgaGVpZ2h0PSIxIiB4bWxucz0iaHR0cDovL3d3dy53My5vcmcvMjAwMC9zdmciPjwvc3ZnPg==\" style=\"--smush-placeholder-width: 640px; --smush-placeholder-aspect-ratio: 640\/960;\" \/>\n\t\t\t<\/dt><\/dl><br style=\"clear: both\" \/>\n\t\t<\/div>\n<\/p><\/div>\n\t\t\t\t\t\t\t<\/div>\n\t\t<\/div>\n\t\t\t\t\t\t<\/div>\n\t\t\t\t<\/div>\n\t\t\t\t\t<\/div>\n\t\t<\/div>\n\t\t\t\t\t<\/div>\n\t\t<\/section>\n\t\t\t\t<\/div>\n\t\t","protected":false},"excerpt":{"rendered":"<p>Release Videos Photos Release The show \u201cLuceros Arte Flamenco Group dance Toninho Ferragutti\u201d presents the vibrant result of the encounter of the Luceros Group with the musician and composer Toninho Ferragutti, tracing the route traveled between traditional flamenco dance and the Brazilaness expression of its&#8230;<\/p>\n","protected":false},"author":1,"featured_media":0,"parent":6072,"menu_order":0,"comment_status":"closed","ping_status":"closed","template":"","meta":{"footnotes":""},"class_list":["post-6055","page","type-page","status-publish","hentry"],"yoast_head":"<!-- This site is optimized with the Yoast SEO plugin v27.4 - https:\/\/yoast.com\/product\/yoast-seo-wordpress\/ -->\n<title>Grupo Luceros dance Toninho Ferragutti - Toninho Ferragutti<\/title>\n<meta name=\"description\" content=\"Toninho Ferragutti \u00e9 acordeonista, compositor, arranjador e possui uma extensa participa\u00e7\u00e3o em centenas de cds e shows de artistas importantes da m\u00fasica brasileira.\" \/>\n<meta name=\"robots\" content=\"index, follow, max-snippet:-1, max-image-preview:large, max-video-preview:-1\" \/>\n<link rel=\"canonical\" href=\"https:\/\/toninhoferragutti.com.br\/en\/projects\/grupo-luceros-dance-toninho-ferragutti\/\" \/>\n<meta property=\"og:locale\" content=\"en_US\" \/>\n<meta property=\"og:type\" content=\"article\" \/>\n<meta property=\"og:title\" content=\"Grupo Luceros dance Toninho Ferragutti - Toninho Ferragutti\" \/>\n<meta property=\"og:description\" content=\"Toninho Ferragutti \u00e9 acordeonista, compositor, arranjador e possui uma extensa participa\u00e7\u00e3o em centenas de cds e shows de artistas importantes da m\u00fasica brasileira.\" \/>\n<meta property=\"og:url\" content=\"https:\/\/toninhoferragutti.com.br\/en\/projects\/grupo-luceros-dance-toninho-ferragutti\/\" \/>\n<meta property=\"og:site_name\" content=\"Toninho Ferragutti\" \/>\n<meta property=\"article:modified_time\" content=\"2022-08-16T16:59:11+00:00\" \/>\n<meta property=\"og:image\" content=\"https:\/\/toninhoferragutti.com.br\/wp-content\/uploads\/2021\/08\/luceros-768x384.jpg\" \/>\n<meta name=\"twitter:card\" content=\"summary_large_image\" \/>\n<meta name=\"twitter:label1\" content=\"Est. reading time\" \/>\n\t<meta name=\"twitter:data1\" content=\"1 minute\" \/>\n<script type=\"application\/ld+json\" class=\"yoast-schema-graph\">{\"@context\":\"https:\\\/\\\/schema.org\",\"@graph\":[{\"@type\":\"WebPage\",\"@id\":\"https:\\\/\\\/toninhoferragutti.com.br\\\/en\\\/projects\\\/grupo-luceros-dance-toninho-ferragutti\\\/\",\"url\":\"https:\\\/\\\/toninhoferragutti.com.br\\\/en\\\/projects\\\/grupo-luceros-dance-toninho-ferragutti\\\/\",\"name\":\"Grupo Luceros dance Toninho Ferragutti - Toninho Ferragutti\",\"isPartOf\":{\"@id\":\"https:\\\/\\\/toninhoferragutti.com.br\\\/en\\\/#website\"},\"primaryImageOfPage\":{\"@id\":\"https:\\\/\\\/toninhoferragutti.com.br\\\/en\\\/projects\\\/grupo-luceros-dance-toninho-ferragutti\\\/#primaryimage\"},\"image\":{\"@id\":\"https:\\\/\\\/toninhoferragutti.com.br\\\/en\\\/projects\\\/grupo-luceros-dance-toninho-ferragutti\\\/#primaryimage\"},\"thumbnailUrl\":\"https:\\\/\\\/toninhoferragutti.com.br\\\/wp-content\\\/uploads\\\/2021\\\/08\\\/luceros-768x384.jpg\",\"datePublished\":\"2021-08-12T20:56:59+00:00\",\"dateModified\":\"2022-08-16T16:59:11+00:00\",\"description\":\"Toninho Ferragutti \u00e9 acordeonista, compositor, arranjador e possui uma extensa participa\u00e7\u00e3o em centenas de cds e shows de artistas importantes da m\u00fasica brasileira.\",\"breadcrumb\":{\"@id\":\"https:\\\/\\\/toninhoferragutti.com.br\\\/en\\\/projects\\\/grupo-luceros-dance-toninho-ferragutti\\\/#breadcrumb\"},\"inLanguage\":\"en-US\",\"potentialAction\":[{\"@type\":\"ReadAction\",\"target\":[\"https:\\\/\\\/toninhoferragutti.com.br\\\/en\\\/projects\\\/grupo-luceros-dance-toninho-ferragutti\\\/\"]}]},{\"@type\":\"ImageObject\",\"inLanguage\":\"en-US\",\"@id\":\"https:\\\/\\\/toninhoferragutti.com.br\\\/en\\\/projects\\\/grupo-luceros-dance-toninho-ferragutti\\\/#primaryimage\",\"url\":\"https:\\\/\\\/toninhoferragutti.com.br\\\/wp-content\\\/uploads\\\/2021\\\/08\\\/luceros-768x384.jpg\",\"contentUrl\":\"https:\\\/\\\/toninhoferragutti.com.br\\\/wp-content\\\/uploads\\\/2021\\\/08\\\/luceros-768x384.jpg\"},{\"@type\":\"BreadcrumbList\",\"@id\":\"https:\\\/\\\/toninhoferragutti.com.br\\\/en\\\/projects\\\/grupo-luceros-dance-toninho-ferragutti\\\/#breadcrumb\",\"itemListElement\":[{\"@type\":\"ListItem\",\"position\":1,\"name\":\"In\u00edcio\",\"item\":\"https:\\\/\\\/toninhoferragutti.com.br\\\/en\\\/\"},{\"@type\":\"ListItem\",\"position\":2,\"name\":\"Projects\",\"item\":\"https:\\\/\\\/toninhoferragutti.com.br\\\/en\\\/projects\\\/\"},{\"@type\":\"ListItem\",\"position\":3,\"name\":\"Grupo Luceros dance Toninho Ferragutti\"}]},{\"@type\":\"WebSite\",\"@id\":\"https:\\\/\\\/toninhoferragutti.com.br\\\/en\\\/#website\",\"url\":\"https:\\\/\\\/toninhoferragutti.com.br\\\/en\\\/\",\"name\":\"Toninho Ferragutti\",\"description\":\"Acordeonista e Compositor\",\"publisher\":{\"@id\":\"https:\\\/\\\/toninhoferragutti.com.br\\\/en\\\/#\\\/schema\\\/person\\\/9d6b9fa4299e64312e77cf7f4237b78f\"},\"potentialAction\":[{\"@type\":\"SearchAction\",\"target\":{\"@type\":\"EntryPoint\",\"urlTemplate\":\"https:\\\/\\\/toninhoferragutti.com.br\\\/en\\\/?s={search_term_string}\"},\"query-input\":{\"@type\":\"PropertyValueSpecification\",\"valueRequired\":true,\"valueName\":\"search_term_string\"}}],\"inLanguage\":\"en-US\"},{\"@type\":[\"Person\",\"Organization\"],\"@id\":\"https:\\\/\\\/toninhoferragutti.com.br\\\/en\\\/#\\\/schema\\\/person\\\/9d6b9fa4299e64312e77cf7f4237b78f\",\"name\":\"toninho\",\"image\":{\"@type\":\"ImageObject\",\"inLanguage\":\"en-US\",\"@id\":\"https:\\\/\\\/toninhoferragutti.com.br\\\/wp-content\\\/uploads\\\/2021\\\/09\\\/toninho-ferragutti-1-mob.jpg\",\"url\":\"https:\\\/\\\/toninhoferragutti.com.br\\\/wp-content\\\/uploads\\\/2021\\\/09\\\/toninho-ferragutti-1-mob.jpg\",\"contentUrl\":\"https:\\\/\\\/toninhoferragutti.com.br\\\/wp-content\\\/uploads\\\/2021\\\/09\\\/toninho-ferragutti-1-mob.jpg\",\"width\":400,\"height\":700,\"caption\":\"toninho\"},\"logo\":{\"@id\":\"https:\\\/\\\/toninhoferragutti.com.br\\\/wp-content\\\/uploads\\\/2021\\\/09\\\/toninho-ferragutti-1-mob.jpg\"}}]}<\/script>\n<!-- \/ Yoast SEO plugin. -->","yoast_head_json":{"title":"Grupo Luceros dance Toninho Ferragutti - Toninho Ferragutti","description":"Toninho Ferragutti \u00e9 acordeonista, compositor, arranjador e possui uma extensa participa\u00e7\u00e3o em centenas de cds e shows de artistas importantes da m\u00fasica brasileira.","robots":{"index":"index","follow":"follow","max-snippet":"max-snippet:-1","max-image-preview":"max-image-preview:large","max-video-preview":"max-video-preview:-1"},"canonical":"https:\/\/toninhoferragutti.com.br\/en\/projects\/grupo-luceros-dance-toninho-ferragutti\/","og_locale":"en_US","og_type":"article","og_title":"Grupo Luceros dance Toninho Ferragutti - Toninho Ferragutti","og_description":"Toninho Ferragutti \u00e9 acordeonista, compositor, arranjador e possui uma extensa participa\u00e7\u00e3o em centenas de cds e shows de artistas importantes da m\u00fasica brasileira.","og_url":"https:\/\/toninhoferragutti.com.br\/en\/projects\/grupo-luceros-dance-toninho-ferragutti\/","og_site_name":"Toninho Ferragutti","article_modified_time":"2022-08-16T16:59:11+00:00","og_image":[{"url":"https:\/\/toninhoferragutti.com.br\/wp-content\/uploads\/2021\/08\/luceros-768x384.jpg","type":"","width":"","height":""}],"twitter_card":"summary_large_image","twitter_misc":{"Est. reading time":"1 minute"},"schema":{"@context":"https:\/\/schema.org","@graph":[{"@type":"WebPage","@id":"https:\/\/toninhoferragutti.com.br\/en\/projects\/grupo-luceros-dance-toninho-ferragutti\/","url":"https:\/\/toninhoferragutti.com.br\/en\/projects\/grupo-luceros-dance-toninho-ferragutti\/","name":"Grupo Luceros dance Toninho Ferragutti - Toninho Ferragutti","isPartOf":{"@id":"https:\/\/toninhoferragutti.com.br\/en\/#website"},"primaryImageOfPage":{"@id":"https:\/\/toninhoferragutti.com.br\/en\/projects\/grupo-luceros-dance-toninho-ferragutti\/#primaryimage"},"image":{"@id":"https:\/\/toninhoferragutti.com.br\/en\/projects\/grupo-luceros-dance-toninho-ferragutti\/#primaryimage"},"thumbnailUrl":"https:\/\/toninhoferragutti.com.br\/wp-content\/uploads\/2021\/08\/luceros-768x384.jpg","datePublished":"2021-08-12T20:56:59+00:00","dateModified":"2022-08-16T16:59:11+00:00","description":"Toninho Ferragutti \u00e9 acordeonista, compositor, arranjador e possui uma extensa participa\u00e7\u00e3o em centenas de cds e shows de artistas importantes da m\u00fasica brasileira.","breadcrumb":{"@id":"https:\/\/toninhoferragutti.com.br\/en\/projects\/grupo-luceros-dance-toninho-ferragutti\/#breadcrumb"},"inLanguage":"en-US","potentialAction":[{"@type":"ReadAction","target":["https:\/\/toninhoferragutti.com.br\/en\/projects\/grupo-luceros-dance-toninho-ferragutti\/"]}]},{"@type":"ImageObject","inLanguage":"en-US","@id":"https:\/\/toninhoferragutti.com.br\/en\/projects\/grupo-luceros-dance-toninho-ferragutti\/#primaryimage","url":"https:\/\/toninhoferragutti.com.br\/wp-content\/uploads\/2021\/08\/luceros-768x384.jpg","contentUrl":"https:\/\/toninhoferragutti.com.br\/wp-content\/uploads\/2021\/08\/luceros-768x384.jpg"},{"@type":"BreadcrumbList","@id":"https:\/\/toninhoferragutti.com.br\/en\/projects\/grupo-luceros-dance-toninho-ferragutti\/#breadcrumb","itemListElement":[{"@type":"ListItem","position":1,"name":"In\u00edcio","item":"https:\/\/toninhoferragutti.com.br\/en\/"},{"@type":"ListItem","position":2,"name":"Projects","item":"https:\/\/toninhoferragutti.com.br\/en\/projects\/"},{"@type":"ListItem","position":3,"name":"Grupo Luceros dance Toninho Ferragutti"}]},{"@type":"WebSite","@id":"https:\/\/toninhoferragutti.com.br\/en\/#website","url":"https:\/\/toninhoferragutti.com.br\/en\/","name":"Toninho Ferragutti","description":"Acordeonista e Compositor","publisher":{"@id":"https:\/\/toninhoferragutti.com.br\/en\/#\/schema\/person\/9d6b9fa4299e64312e77cf7f4237b78f"},"potentialAction":[{"@type":"SearchAction","target":{"@type":"EntryPoint","urlTemplate":"https:\/\/toninhoferragutti.com.br\/en\/?s={search_term_string}"},"query-input":{"@type":"PropertyValueSpecification","valueRequired":true,"valueName":"search_term_string"}}],"inLanguage":"en-US"},{"@type":["Person","Organization"],"@id":"https:\/\/toninhoferragutti.com.br\/en\/#\/schema\/person\/9d6b9fa4299e64312e77cf7f4237b78f","name":"toninho","image":{"@type":"ImageObject","inLanguage":"en-US","@id":"https:\/\/toninhoferragutti.com.br\/wp-content\/uploads\/2021\/09\/toninho-ferragutti-1-mob.jpg","url":"https:\/\/toninhoferragutti.com.br\/wp-content\/uploads\/2021\/09\/toninho-ferragutti-1-mob.jpg","contentUrl":"https:\/\/toninhoferragutti.com.br\/wp-content\/uploads\/2021\/09\/toninho-ferragutti-1-mob.jpg","width":400,"height":700,"caption":"toninho"},"logo":{"@id":"https:\/\/toninhoferragutti.com.br\/wp-content\/uploads\/2021\/09\/toninho-ferragutti-1-mob.jpg"}}]}},"_links":{"self":[{"href":"https:\/\/toninhoferragutti.com.br\/en\/wp-json\/wp\/v2\/pages\/6055","targetHints":{"allow":["GET"]}}],"collection":[{"href":"https:\/\/toninhoferragutti.com.br\/en\/wp-json\/wp\/v2\/pages"}],"about":[{"href":"https:\/\/toninhoferragutti.com.br\/en\/wp-json\/wp\/v2\/types\/page"}],"author":[{"embeddable":true,"href":"https:\/\/toninhoferragutti.com.br\/en\/wp-json\/wp\/v2\/users\/1"}],"replies":[{"embeddable":true,"href":"https:\/\/toninhoferragutti.com.br\/en\/wp-json\/wp\/v2\/comments?post=6055"}],"version-history":[{"count":0,"href":"https:\/\/toninhoferragutti.com.br\/en\/wp-json\/wp\/v2\/pages\/6055\/revisions"}],"up":[{"embeddable":true,"href":"https:\/\/toninhoferragutti.com.br\/en\/wp-json\/wp\/v2\/pages\/6072"}],"wp:attachment":[{"href":"https:\/\/toninhoferragutti.com.br\/en\/wp-json\/wp\/v2\/media?parent=6055"}],"curies":[{"name":"wp","href":"https:\/\/api.w.org\/{rel}","templated":true}]}}