{"id":6060,"date":"2021-08-12T18:24:56","date_gmt":"2021-08-12T21:24:56","guid":{"rendered":"https:\/\/toninhoferragutti.com.br\/quinteto-de-cordas-nem-sol-nem-lua\/"},"modified":"2022-08-16T14:01:54","modified_gmt":"2022-08-16T17:01:54","slug":"quinteto-de-cordas-nem-sol-nem-lua","status":"publish","type":"page","link":"https:\/\/toninhoferragutti.com.br\/en\/projects\/quinteto-de-cordas-nem-sol-nem-lua\/","title":{"rendered":"Quinteto de Cordas \u2013 Nem Sol, nem Lua"},"content":{"rendered":"\t\t<div data-elementor-type=\"wp-page\" data-elementor-id=\"6060\" class=\"elementor elementor-6060 elementor-759\" data-elementor-post-type=\"page\">\n\t\t\t\t\t\t<section class=\"elementor-section elementor-top-section elementor-element elementor-element-7801fb29 elementor-section-boxed elementor-section-height-default elementor-section-height-default parallax_section_no qode_elementor_container_no\" data-id=\"7801fb29\" data-element_type=\"section\" data-e-type=\"section\">\n\t\t\t\t\t\t<div class=\"elementor-container elementor-column-gap-default\">\n\t\t\t\t\t<div class=\"elementor-column elementor-col-100 elementor-top-column elementor-element elementor-element-6a471db8\" data-id=\"6a471db8\" data-element_type=\"column\" data-e-type=\"column\">\n\t\t\t<div class=\"elementor-widget-wrap elementor-element-populated\">\n\t\t\t\t\t\t<div class=\"elementor-element elementor-element-36e8332 elementor-widget elementor-widget-image\" data-id=\"36e8332\" data-element_type=\"widget\" data-e-type=\"widget\" data-widget_type=\"image.default\">\n\t\t\t\t<div class=\"elementor-widget-container\">\n\t\t\t\t\t\t\t\t\t\t\t\t\t\t\t<img fetchpriority=\"high\" decoding=\"async\" width=\"768\" height=\"384\" src=\"https:\/\/toninhoferragutti.com.br\/wp-content\/uploads\/2021\/08\/quinteto-de-cordas-768x384.jpg\" class=\"attachment-medium_large size-medium_large wp-image-5884\" alt=\"\" srcset=\"https:\/\/toninhoferragutti.com.br\/wp-content\/uploads\/2021\/08\/quinteto-de-cordas-768x384.jpg 768w, https:\/\/toninhoferragutti.com.br\/wp-content\/uploads\/2021\/08\/quinteto-de-cordas-300x150.jpg 300w, https:\/\/toninhoferragutti.com.br\/wp-content\/uploads\/2021\/08\/quinteto-de-cordas-700x350.jpg 700w, https:\/\/toninhoferragutti.com.br\/wp-content\/uploads\/2021\/08\/quinteto-de-cordas.jpg 800w\" sizes=\"(max-width: 768px) 100vw, 768px\" \/>\t\t\t\t\t\t\t\t\t\t\t\t\t\t\t<\/div>\n\t\t\t\t<\/div>\n\t\t\t\t\t<\/div>\n\t\t<\/div>\n\t\t\t\t\t<\/div>\n\t\t<\/section>\n\t\t\t\t<section class=\"elementor-section elementor-top-section elementor-element elementor-element-4ca94d33 elementor-section-boxed elementor-section-height-default elementor-section-height-default parallax_section_no qode_elementor_container_no\" data-id=\"4ca94d33\" data-element_type=\"section\" data-e-type=\"section\">\n\t\t\t\t\t\t<div class=\"elementor-container elementor-column-gap-default\">\n\t\t\t\t\t<div class=\"elementor-column elementor-col-100 elementor-top-column elementor-element elementor-element-53a67c40\" data-id=\"53a67c40\" data-element_type=\"column\" data-e-type=\"column\">\n\t\t\t<div class=\"elementor-widget-wrap elementor-element-populated\">\n\t\t\t\t\t\t<div class=\"elementor-element elementor-element-516f52d7 elementor-tabs-alignment-center elementor-tabs-view-horizontal elementor-widget elementor-widget-tabs\" data-id=\"516f52d7\" data-element_type=\"widget\" data-e-type=\"widget\" data-widget_type=\"tabs.default\">\n\t\t\t\t<div class=\"elementor-widget-container\">\n\t\t\t\t\t\t\t<div class=\"elementor-tabs\">\n\t\t\t<div class=\"elementor-tabs-wrapper\" role=\"tablist\" >\n\t\t\t\t\t\t\t\t\t<div id=\"elementor-tab-title-1361\" class=\"elementor-tab-title elementor-tab-desktop-title\" aria-selected=\"true\" data-tab=\"1\" role=\"tab\" tabindex=\"0\" aria-controls=\"elementor-tab-content-1361\" aria-expanded=\"false\">Release<\/div>\n\t\t\t\t\t\t\t\t\t<div id=\"elementor-tab-title-1362\" class=\"elementor-tab-title elementor-tab-desktop-title\" aria-selected=\"false\" data-tab=\"2\" role=\"tab\" tabindex=\"-1\" aria-controls=\"elementor-tab-content-1362\" aria-expanded=\"false\">Videos<\/div>\n\t\t\t\t\t\t\t\t\t<div id=\"elementor-tab-title-1363\" class=\"elementor-tab-title elementor-tab-desktop-title\" aria-selected=\"false\" data-tab=\"3\" role=\"tab\" tabindex=\"-1\" aria-controls=\"elementor-tab-content-1363\" aria-expanded=\"false\">Photos<\/div>\n\t\t\t\t\t\t\t\t\t<div id=\"elementor-tab-title-1364\" class=\"elementor-tab-title elementor-tab-desktop-title\" aria-selected=\"false\" data-tab=\"4\" role=\"tab\" tabindex=\"-1\" aria-controls=\"elementor-tab-content-1364\" aria-expanded=\"false\">Press<\/div>\n\t\t\t\t\t\t\t\t\t<div id=\"elementor-tab-title-1365\" class=\"elementor-tab-title elementor-tab-desktop-title\" aria-selected=\"false\" data-tab=\"5\" role=\"tab\" tabindex=\"-1\" aria-controls=\"elementor-tab-content-1365\" aria-expanded=\"false\">Files<\/div>\n\t\t\t\t\t\t\t<\/div>\n\t\t\t<div class=\"elementor-tabs-content-wrapper\" role=\"tablist\" aria-orientation=\"vertical\">\n\t\t\t\t\t\t\t\t\t<div class=\"elementor-tab-title elementor-tab-mobile-title\" aria-selected=\"true\" data-tab=\"1\" role=\"tab\" tabindex=\"0\" aria-controls=\"elementor-tab-content-1361\" aria-expanded=\"false\">Release<\/div>\n\t\t\t\t\t<div id=\"elementor-tab-content-1361\" class=\"elementor-tab-content elementor-clearfix\" data-tab=\"1\" role=\"tabpanel\" aria-labelledby=\"elementor-tab-title-1361\" tabindex=\"0\" hidden=\"false\"><p>The Toninho Ferragutti and Strings Quintet show \u201cNem sol, nem Lua\u201d, gathers the authorial repertoire of the artist&#8217;s homonym CD. In the show, Toninho walks through concert musics, jazz, tango and \u2018bai\u00e3o\u2019, in themes whose string arrangements were made by the maestros Edson Alves, Antonio Duran, Adail Fernandes, Nailor Proveta, and by Ferragutti himself.<\/p><p> <\/p><p>The play \u201cFantasia Para Acorde\u00e3o e Orquestra de Cordas\u201d, also performed in the show, was ordered by OSESP (S\u00e3o Paulo State Symphony Orchestra) and had its world premiere in June 2012 in the Sala S\u00e3o Paulo Theater conducted by Maestro Claudio Cruz.<\/p><p> <\/p><p>The show has dozens of performances in Brazil and abroad, standing out the Spoleto Jazz Festival (Charleston SC \u2013 USA), Victor Salvi Festival (Cartagena \u2013 Colombia), Chamber Music Festival (SESC S\u00e3o Paulo) and Campos do Jord\u00e3o Festival<\/p><p> <\/p><p>This same repertoire has also been played by Toninho alongside several Quintets and Strings Orchestras such as the Camerata Fukuda, Paraiba Quintet, Mato Grosso State Orchestra, Soloist Chamber Orchestra of Londrina, USP Chamber Orchestra among others.<\/p><\/div>\n\t\t\t\t\t\t\t\t\t<div class=\"elementor-tab-title elementor-tab-mobile-title\" aria-selected=\"false\" data-tab=\"2\" role=\"tab\" tabindex=\"-1\" aria-controls=\"elementor-tab-content-1362\" aria-expanded=\"false\">Videos<\/div>\n\t\t\t\t\t<div id=\"elementor-tab-content-1362\" class=\"elementor-tab-content elementor-clearfix\" data-tab=\"2\" role=\"tabpanel\" aria-labelledby=\"elementor-tab-title-1362\" tabindex=\"0\" hidden=\"hidden\"><iframe title=\"Toninho Ferragutti e quinteto de cordas - Nem Sol nem Lua\" width=\"1060\" height=\"795\" data-src=\"https:\/\/www.youtube.com\/embed\/G1_jyFt3qXM?feature=oembed\" frameborder=\"0\" allow=\"accelerometer; autoplay; clipboard-write; encrypted-media; gyroscope; picture-in-picture\" allowfullscreen src=\"data:image\/svg+xml;base64,PHN2ZyB3aWR0aD0iMSIgaGVpZ2h0PSIxIiB4bWxucz0iaHR0cDovL3d3dy53My5vcmcvMjAwMC9zdmciPjwvc3ZnPg==\" class=\"lazyload\" data-load-mode=\"1\"><\/iframe><\/div>\n\t\t\t\t\t\t\t\t\t<div class=\"elementor-tab-title elementor-tab-mobile-title\" aria-selected=\"false\" data-tab=\"3\" role=\"tab\" tabindex=\"-1\" aria-controls=\"elementor-tab-content-1363\" aria-expanded=\"false\">Photos<\/div>\n\t\t\t\t\t<div id=\"elementor-tab-content-1363\" class=\"elementor-tab-content elementor-clearfix\" data-tab=\"3\" role=\"tabpanel\" aria-labelledby=\"elementor-tab-title-1363\" tabindex=\"0\" hidden=\"hidden\"><p>\n\t\t<style type=\"text\/css\">\n\t\t\t#gallery-1 {\n\t\t\t\tmargin: auto;\n\t\t\t}\n\t\t\t#gallery-1 .gallery-item {\n\t\t\t\tfloat: left;\n\t\t\t\tmargin-top: 10px;\n\t\t\t\ttext-align: center;\n\t\t\t\twidth: 100%;\n\t\t\t}\n\t\t\t#gallery-1 img {\n\t\t\t\tborder: 2px solid #cfcfcf;\n\t\t\t}\n\t\t\t#gallery-1 .gallery-caption {\n\t\t\t\tmargin-left: 0;\n\t\t\t}\n\t\t\t\/* see gallery_shortcode() in wp-includes\/media.php *\/\n\t\t<\/style>\n\t\t<div id='gallery-1' class='gallery galleryid-6060 gallery-columns-1 gallery-size-full'><dl class='gallery-item'>\n\t\t\t<dt class='gallery-icon landscape'>\n\t\t\t\t<img decoding=\"async\" width=\"960\" height=\"639\" data-src=\"https:\/\/toninhoferragutti.com.br\/wp-content\/uploads\/2021\/08\/Foto-Cartagena-qteto2_jpg.jpg\" class=\"attachment-full size-full lazyload\" alt=\"\" data-srcset=\"https:\/\/toninhoferragutti.com.br\/wp-content\/uploads\/2021\/08\/Foto-Cartagena-qteto2_jpg.jpg 960w, https:\/\/toninhoferragutti.com.br\/wp-content\/uploads\/2021\/08\/Foto-Cartagena-qteto2_jpg-300x200.jpg 300w, https:\/\/toninhoferragutti.com.br\/wp-content\/uploads\/2021\/08\/Foto-Cartagena-qteto2_jpg-768x511.jpg 768w, https:\/\/toninhoferragutti.com.br\/wp-content\/uploads\/2021\/08\/Foto-Cartagena-qteto2_jpg-700x466.jpg 700w\" data-sizes=\"(max-width: 960px) 100vw, 960px\" src=\"data:image\/svg+xml;base64,PHN2ZyB3aWR0aD0iMSIgaGVpZ2h0PSIxIiB4bWxucz0iaHR0cDovL3d3dy53My5vcmcvMjAwMC9zdmciPjwvc3ZnPg==\" style=\"--smush-placeholder-width: 960px; --smush-placeholder-aspect-ratio: 960\/639;\" \/>\n\t\t\t<\/dt><\/dl><br style=\"clear: both\" \/><dl class='gallery-item'>\n\t\t\t<dt class='gallery-icon landscape'>\n\t\t\t\t<img decoding=\"async\" width=\"960\" height=\"639\" data-src=\"https:\/\/toninhoferragutti.com.br\/wp-content\/uploads\/2021\/08\/Foto-Cartagena-quinteto-de-cordas_o1_jpg.jpg\" class=\"attachment-full size-full lazyload\" alt=\"\" data-srcset=\"https:\/\/toninhoferragutti.com.br\/wp-content\/uploads\/2021\/08\/Foto-Cartagena-quinteto-de-cordas_o1_jpg.jpg 960w, https:\/\/toninhoferragutti.com.br\/wp-content\/uploads\/2021\/08\/Foto-Cartagena-quinteto-de-cordas_o1_jpg-300x200.jpg 300w, https:\/\/toninhoferragutti.com.br\/wp-content\/uploads\/2021\/08\/Foto-Cartagena-quinteto-de-cordas_o1_jpg-768x511.jpg 768w, https:\/\/toninhoferragutti.com.br\/wp-content\/uploads\/2021\/08\/Foto-Cartagena-quinteto-de-cordas_o1_jpg-700x466.jpg 700w\" data-sizes=\"(max-width: 960px) 100vw, 960px\" src=\"data:image\/svg+xml;base64,PHN2ZyB3aWR0aD0iMSIgaGVpZ2h0PSIxIiB4bWxucz0iaHR0cDovL3d3dy53My5vcmcvMjAwMC9zdmciPjwvc3ZnPg==\" style=\"--smush-placeholder-width: 960px; --smush-placeholder-aspect-ratio: 960\/639;\" \/>\n\t\t\t<\/dt><\/dl><br style=\"clear: both\" \/><dl class='gallery-item'>\n\t\t\t<dt class='gallery-icon landscape'>\n\t\t\t\t<img decoding=\"async\" width=\"960\" height=\"480\" data-src=\"https:\/\/toninhoferragutti.com.br\/wp-content\/uploads\/2021\/08\/Foto-Cartagena-Quinteto-de-cordas1_jpg.jpg\" class=\"attachment-full size-full lazyload\" alt=\"\" data-srcset=\"https:\/\/toninhoferragutti.com.br\/wp-content\/uploads\/2021\/08\/Foto-Cartagena-Quinteto-de-cordas1_jpg.jpg 960w, https:\/\/toninhoferragutti.com.br\/wp-content\/uploads\/2021\/08\/Foto-Cartagena-Quinteto-de-cordas1_jpg-300x150.jpg 300w, https:\/\/toninhoferragutti.com.br\/wp-content\/uploads\/2021\/08\/Foto-Cartagena-Quinteto-de-cordas1_jpg-768x384.jpg 768w, https:\/\/toninhoferragutti.com.br\/wp-content\/uploads\/2021\/08\/Foto-Cartagena-Quinteto-de-cordas1_jpg-700x350.jpg 700w\" data-sizes=\"(max-width: 960px) 100vw, 960px\" src=\"data:image\/svg+xml;base64,PHN2ZyB3aWR0aD0iMSIgaGVpZ2h0PSIxIiB4bWxucz0iaHR0cDovL3d3dy53My5vcmcvMjAwMC9zdmciPjwvc3ZnPg==\" style=\"--smush-placeholder-width: 960px; --smush-placeholder-aspect-ratio: 960\/480;\" \/>\n\t\t\t<\/dt><\/dl><br style=\"clear: both\" \/><dl class='gallery-item'>\n\t\t\t<dt class='gallery-icon landscape'>\n\t\t\t\t<img decoding=\"async\" width=\"960\" height=\"480\" data-src=\"https:\/\/toninhoferragutti.com.br\/wp-content\/uploads\/2021\/08\/Foto-Cartagena-quinteto1_jpg.jpg\" class=\"attachment-full size-full lazyload\" alt=\"\" data-srcset=\"https:\/\/toninhoferragutti.com.br\/wp-content\/uploads\/2021\/08\/Foto-Cartagena-quinteto1_jpg.jpg 960w, https:\/\/toninhoferragutti.com.br\/wp-content\/uploads\/2021\/08\/Foto-Cartagena-quinteto1_jpg-300x150.jpg 300w, https:\/\/toninhoferragutti.com.br\/wp-content\/uploads\/2021\/08\/Foto-Cartagena-quinteto1_jpg-768x384.jpg 768w, https:\/\/toninhoferragutti.com.br\/wp-content\/uploads\/2021\/08\/Foto-Cartagena-quinteto1_jpg-700x350.jpg 700w\" data-sizes=\"(max-width: 960px) 100vw, 960px\" src=\"data:image\/svg+xml;base64,PHN2ZyB3aWR0aD0iMSIgaGVpZ2h0PSIxIiB4bWxucz0iaHR0cDovL3d3dy53My5vcmcvMjAwMC9zdmciPjwvc3ZnPg==\" style=\"--smush-placeholder-width: 960px; --smush-placeholder-aspect-ratio: 960\/480;\" \/>\n\t\t\t<\/dt><\/dl><br style=\"clear: both\" \/>\n\t\t<\/div>\n<\/p><\/div>\n\t\t\t\t\t\t\t\t\t<div class=\"elementor-tab-title elementor-tab-mobile-title\" aria-selected=\"false\" data-tab=\"4\" role=\"tab\" tabindex=\"-1\" aria-controls=\"elementor-tab-content-1364\" aria-expanded=\"false\">Press<\/div>\n\t\t\t\t\t<div id=\"elementor-tab-content-1364\" class=\"elementor-tab-content elementor-clearfix\" data-tab=\"4\" role=\"tabpanel\" aria-labelledby=\"elementor-tab-title-1364\" tabindex=\"0\" hidden=\"hidden\"><div id=\"tab-tab-4949-1-0-1-4949-3\" class=\"tab-content\"><div id=\"tab-tab-4619-1-0-1-4619-3\" class=\"tab-content\"><p><a href=\"http:\/\/g1.globo.com\/sp\/sao-carlos-regiao\/noticia\/2014\/11\/sesc-de-sao-carlos-recebe-1-festival-de-musica-de-camara-ate-o-domingo.html\" target=\"_blank\" rel=\"noopener\">Portal G1, 27\/11\/2014<\/a><\/p><p> <\/p><p><a href=\"http:\/\/culturafm.cmais.com.br\/radiometropolis\/toninho-ferragutti-e-uma-das-atracoes-do-festival-sesc-de-musica-de-camara\" target=\"_blank\" rel=\"noopener\">Cultura FM, 18\/11\/14<\/a><\/p><\/div><\/div><\/div>\n\t\t\t\t\t\t\t\t\t<div class=\"elementor-tab-title elementor-tab-mobile-title\" aria-selected=\"false\" data-tab=\"5\" role=\"tab\" tabindex=\"-1\" aria-controls=\"elementor-tab-content-1365\" aria-expanded=\"false\">Files<\/div>\n\t\t\t\t\t<div id=\"elementor-tab-content-1365\" class=\"elementor-tab-content elementor-clearfix\" data-tab=\"5\" role=\"tabpanel\" aria-labelledby=\"elementor-tab-title-1365\" tabindex=\"0\" hidden=\"hidden\"><p id=\"tab-tab-4949-1-0-1-4949-3\" class=\"tab-content\"><a href=\"https:\/\/toninhoferragutti.com.br\/wp-content\/uploads\/2021\/08\/Mapa-de-palco-quinteto-de-cordas.png\" target=\"_blank\" rel=\"noopener\">Stage plot<\/a><\/p><\/div>\n\t\t\t\t\t\t\t<\/div>\n\t\t<\/div>\n\t\t\t\t\t\t<\/div>\n\t\t\t\t<\/div>\n\t\t\t\t\t<\/div>\n\t\t<\/div>\n\t\t\t\t\t<\/div>\n\t\t<\/section>\n\t\t\t\t<\/div>\n\t\t","protected":false},"excerpt":{"rendered":"<p>Release Videos Photos Press Files Release The Toninho Ferragutti and Strings Quintet show \u201cNem sol, nem Lua\u201d, gathers the authorial repertoire of the artist&#8217;s homonym CD. In the show, Toninho walks through concert musics, jazz, tango and \u2018bai\u00e3o\u2019, in themes whose string arrangements were made&#8230;<\/p>\n","protected":false},"author":1,"featured_media":0,"parent":6072,"menu_order":0,"comment_status":"closed","ping_status":"closed","template":"","meta":{"footnotes":""},"class_list":["post-6060","page","type-page","status-publish","hentry"],"yoast_head":"<!-- This site is optimized with the Yoast SEO plugin v27.4 - https:\/\/yoast.com\/product\/yoast-seo-wordpress\/ -->\n<title>Quinteto de Cordas \u2013 Nem Sol, nem Lua - Toninho Ferragutti<\/title>\n<meta name=\"description\" content=\"Toninho Ferragutti \u00e9 acordeonista, compositor, arranjador e possui uma extensa participa\u00e7\u00e3o em centenas de cds e shows de artistas importantes da m\u00fasica brasileira.\" \/>\n<meta name=\"robots\" content=\"index, follow, max-snippet:-1, max-image-preview:large, max-video-preview:-1\" \/>\n<link rel=\"canonical\" href=\"https:\/\/toninhoferragutti.com.br\/en\/projects\/quinteto-de-cordas-nem-sol-nem-lua\/\" \/>\n<meta property=\"og:locale\" content=\"en_US\" \/>\n<meta property=\"og:type\" content=\"article\" \/>\n<meta property=\"og:title\" content=\"Quinteto de Cordas \u2013 Nem Sol, nem Lua - Toninho Ferragutti\" \/>\n<meta property=\"og:description\" content=\"Toninho Ferragutti \u00e9 acordeonista, compositor, arranjador e possui uma extensa participa\u00e7\u00e3o em centenas de cds e shows de artistas importantes da m\u00fasica brasileira.\" \/>\n<meta property=\"og:url\" content=\"https:\/\/toninhoferragutti.com.br\/en\/projects\/quinteto-de-cordas-nem-sol-nem-lua\/\" \/>\n<meta property=\"og:site_name\" content=\"Toninho Ferragutti\" \/>\n<meta property=\"article:modified_time\" content=\"2022-08-16T17:01:54+00:00\" \/>\n<meta property=\"og:image\" content=\"https:\/\/toninhoferragutti.com.br\/wp-content\/uploads\/2021\/08\/quinteto-de-cordas-768x384.jpg\" \/>\n<meta name=\"twitter:card\" content=\"summary_large_image\" \/>\n<meta name=\"twitter:label1\" content=\"Est. reading time\" \/>\n\t<meta name=\"twitter:data1\" content=\"1 minute\" \/>\n<script type=\"application\/ld+json\" class=\"yoast-schema-graph\">{\"@context\":\"https:\\\/\\\/schema.org\",\"@graph\":[{\"@type\":\"WebPage\",\"@id\":\"https:\\\/\\\/toninhoferragutti.com.br\\\/en\\\/projects\\\/quinteto-de-cordas-nem-sol-nem-lua\\\/\",\"url\":\"https:\\\/\\\/toninhoferragutti.com.br\\\/en\\\/projects\\\/quinteto-de-cordas-nem-sol-nem-lua\\\/\",\"name\":\"Quinteto de Cordas \u2013 Nem Sol, nem Lua - Toninho Ferragutti\",\"isPartOf\":{\"@id\":\"https:\\\/\\\/toninhoferragutti.com.br\\\/en\\\/#website\"},\"primaryImageOfPage\":{\"@id\":\"https:\\\/\\\/toninhoferragutti.com.br\\\/en\\\/projects\\\/quinteto-de-cordas-nem-sol-nem-lua\\\/#primaryimage\"},\"image\":{\"@id\":\"https:\\\/\\\/toninhoferragutti.com.br\\\/en\\\/projects\\\/quinteto-de-cordas-nem-sol-nem-lua\\\/#primaryimage\"},\"thumbnailUrl\":\"https:\\\/\\\/toninhoferragutti.com.br\\\/wp-content\\\/uploads\\\/2021\\\/08\\\/quinteto-de-cordas-768x384.jpg\",\"datePublished\":\"2021-08-12T21:24:56+00:00\",\"dateModified\":\"2022-08-16T17:01:54+00:00\",\"description\":\"Toninho Ferragutti \u00e9 acordeonista, compositor, arranjador e possui uma extensa participa\u00e7\u00e3o em centenas de cds e shows de artistas importantes da m\u00fasica brasileira.\",\"breadcrumb\":{\"@id\":\"https:\\\/\\\/toninhoferragutti.com.br\\\/en\\\/projects\\\/quinteto-de-cordas-nem-sol-nem-lua\\\/#breadcrumb\"},\"inLanguage\":\"en-US\",\"potentialAction\":[{\"@type\":\"ReadAction\",\"target\":[\"https:\\\/\\\/toninhoferragutti.com.br\\\/en\\\/projects\\\/quinteto-de-cordas-nem-sol-nem-lua\\\/\"]}]},{\"@type\":\"ImageObject\",\"inLanguage\":\"en-US\",\"@id\":\"https:\\\/\\\/toninhoferragutti.com.br\\\/en\\\/projects\\\/quinteto-de-cordas-nem-sol-nem-lua\\\/#primaryimage\",\"url\":\"https:\\\/\\\/toninhoferragutti.com.br\\\/wp-content\\\/uploads\\\/2021\\\/08\\\/quinteto-de-cordas-768x384.jpg\",\"contentUrl\":\"https:\\\/\\\/toninhoferragutti.com.br\\\/wp-content\\\/uploads\\\/2021\\\/08\\\/quinteto-de-cordas-768x384.jpg\"},{\"@type\":\"BreadcrumbList\",\"@id\":\"https:\\\/\\\/toninhoferragutti.com.br\\\/en\\\/projects\\\/quinteto-de-cordas-nem-sol-nem-lua\\\/#breadcrumb\",\"itemListElement\":[{\"@type\":\"ListItem\",\"position\":1,\"name\":\"In\u00edcio\",\"item\":\"https:\\\/\\\/toninhoferragutti.com.br\\\/en\\\/\"},{\"@type\":\"ListItem\",\"position\":2,\"name\":\"Projects\",\"item\":\"https:\\\/\\\/toninhoferragutti.com.br\\\/en\\\/projects\\\/\"},{\"@type\":\"ListItem\",\"position\":3,\"name\":\"Quinteto de Cordas \u2013 Nem Sol, nem Lua\"}]},{\"@type\":\"WebSite\",\"@id\":\"https:\\\/\\\/toninhoferragutti.com.br\\\/en\\\/#website\",\"url\":\"https:\\\/\\\/toninhoferragutti.com.br\\\/en\\\/\",\"name\":\"Toninho Ferragutti\",\"description\":\"Acordeonista e Compositor\",\"publisher\":{\"@id\":\"https:\\\/\\\/toninhoferragutti.com.br\\\/en\\\/#\\\/schema\\\/person\\\/9d6b9fa4299e64312e77cf7f4237b78f\"},\"potentialAction\":[{\"@type\":\"SearchAction\",\"target\":{\"@type\":\"EntryPoint\",\"urlTemplate\":\"https:\\\/\\\/toninhoferragutti.com.br\\\/en\\\/?s={search_term_string}\"},\"query-input\":{\"@type\":\"PropertyValueSpecification\",\"valueRequired\":true,\"valueName\":\"search_term_string\"}}],\"inLanguage\":\"en-US\"},{\"@type\":[\"Person\",\"Organization\"],\"@id\":\"https:\\\/\\\/toninhoferragutti.com.br\\\/en\\\/#\\\/schema\\\/person\\\/9d6b9fa4299e64312e77cf7f4237b78f\",\"name\":\"toninho\",\"image\":{\"@type\":\"ImageObject\",\"inLanguage\":\"en-US\",\"@id\":\"https:\\\/\\\/toninhoferragutti.com.br\\\/wp-content\\\/uploads\\\/2021\\\/09\\\/toninho-ferragutti-1-mob.jpg\",\"url\":\"https:\\\/\\\/toninhoferragutti.com.br\\\/wp-content\\\/uploads\\\/2021\\\/09\\\/toninho-ferragutti-1-mob.jpg\",\"contentUrl\":\"https:\\\/\\\/toninhoferragutti.com.br\\\/wp-content\\\/uploads\\\/2021\\\/09\\\/toninho-ferragutti-1-mob.jpg\",\"width\":400,\"height\":700,\"caption\":\"toninho\"},\"logo\":{\"@id\":\"https:\\\/\\\/toninhoferragutti.com.br\\\/wp-content\\\/uploads\\\/2021\\\/09\\\/toninho-ferragutti-1-mob.jpg\"}}]}<\/script>\n<!-- \/ Yoast SEO plugin. -->","yoast_head_json":{"title":"Quinteto de Cordas \u2013 Nem Sol, nem Lua - Toninho Ferragutti","description":"Toninho Ferragutti \u00e9 acordeonista, compositor, arranjador e possui uma extensa participa\u00e7\u00e3o em centenas de cds e shows de artistas importantes da m\u00fasica brasileira.","robots":{"index":"index","follow":"follow","max-snippet":"max-snippet:-1","max-image-preview":"max-image-preview:large","max-video-preview":"max-video-preview:-1"},"canonical":"https:\/\/toninhoferragutti.com.br\/en\/projects\/quinteto-de-cordas-nem-sol-nem-lua\/","og_locale":"en_US","og_type":"article","og_title":"Quinteto de Cordas \u2013 Nem Sol, nem Lua - Toninho Ferragutti","og_description":"Toninho Ferragutti \u00e9 acordeonista, compositor, arranjador e possui uma extensa participa\u00e7\u00e3o em centenas de cds e shows de artistas importantes da m\u00fasica brasileira.","og_url":"https:\/\/toninhoferragutti.com.br\/en\/projects\/quinteto-de-cordas-nem-sol-nem-lua\/","og_site_name":"Toninho Ferragutti","article_modified_time":"2022-08-16T17:01:54+00:00","og_image":[{"url":"https:\/\/toninhoferragutti.com.br\/wp-content\/uploads\/2021\/08\/quinteto-de-cordas-768x384.jpg","type":"","width":"","height":""}],"twitter_card":"summary_large_image","twitter_misc":{"Est. reading time":"1 minute"},"schema":{"@context":"https:\/\/schema.org","@graph":[{"@type":"WebPage","@id":"https:\/\/toninhoferragutti.com.br\/en\/projects\/quinteto-de-cordas-nem-sol-nem-lua\/","url":"https:\/\/toninhoferragutti.com.br\/en\/projects\/quinteto-de-cordas-nem-sol-nem-lua\/","name":"Quinteto de Cordas \u2013 Nem Sol, nem Lua - Toninho Ferragutti","isPartOf":{"@id":"https:\/\/toninhoferragutti.com.br\/en\/#website"},"primaryImageOfPage":{"@id":"https:\/\/toninhoferragutti.com.br\/en\/projects\/quinteto-de-cordas-nem-sol-nem-lua\/#primaryimage"},"image":{"@id":"https:\/\/toninhoferragutti.com.br\/en\/projects\/quinteto-de-cordas-nem-sol-nem-lua\/#primaryimage"},"thumbnailUrl":"https:\/\/toninhoferragutti.com.br\/wp-content\/uploads\/2021\/08\/quinteto-de-cordas-768x384.jpg","datePublished":"2021-08-12T21:24:56+00:00","dateModified":"2022-08-16T17:01:54+00:00","description":"Toninho Ferragutti \u00e9 acordeonista, compositor, arranjador e possui uma extensa participa\u00e7\u00e3o em centenas de cds e shows de artistas importantes da m\u00fasica brasileira.","breadcrumb":{"@id":"https:\/\/toninhoferragutti.com.br\/en\/projects\/quinteto-de-cordas-nem-sol-nem-lua\/#breadcrumb"},"inLanguage":"en-US","potentialAction":[{"@type":"ReadAction","target":["https:\/\/toninhoferragutti.com.br\/en\/projects\/quinteto-de-cordas-nem-sol-nem-lua\/"]}]},{"@type":"ImageObject","inLanguage":"en-US","@id":"https:\/\/toninhoferragutti.com.br\/en\/projects\/quinteto-de-cordas-nem-sol-nem-lua\/#primaryimage","url":"https:\/\/toninhoferragutti.com.br\/wp-content\/uploads\/2021\/08\/quinteto-de-cordas-768x384.jpg","contentUrl":"https:\/\/toninhoferragutti.com.br\/wp-content\/uploads\/2021\/08\/quinteto-de-cordas-768x384.jpg"},{"@type":"BreadcrumbList","@id":"https:\/\/toninhoferragutti.com.br\/en\/projects\/quinteto-de-cordas-nem-sol-nem-lua\/#breadcrumb","itemListElement":[{"@type":"ListItem","position":1,"name":"In\u00edcio","item":"https:\/\/toninhoferragutti.com.br\/en\/"},{"@type":"ListItem","position":2,"name":"Projects","item":"https:\/\/toninhoferragutti.com.br\/en\/projects\/"},{"@type":"ListItem","position":3,"name":"Quinteto de Cordas \u2013 Nem Sol, nem Lua"}]},{"@type":"WebSite","@id":"https:\/\/toninhoferragutti.com.br\/en\/#website","url":"https:\/\/toninhoferragutti.com.br\/en\/","name":"Toninho Ferragutti","description":"Acordeonista e Compositor","publisher":{"@id":"https:\/\/toninhoferragutti.com.br\/en\/#\/schema\/person\/9d6b9fa4299e64312e77cf7f4237b78f"},"potentialAction":[{"@type":"SearchAction","target":{"@type":"EntryPoint","urlTemplate":"https:\/\/toninhoferragutti.com.br\/en\/?s={search_term_string}"},"query-input":{"@type":"PropertyValueSpecification","valueRequired":true,"valueName":"search_term_string"}}],"inLanguage":"en-US"},{"@type":["Person","Organization"],"@id":"https:\/\/toninhoferragutti.com.br\/en\/#\/schema\/person\/9d6b9fa4299e64312e77cf7f4237b78f","name":"toninho","image":{"@type":"ImageObject","inLanguage":"en-US","@id":"https:\/\/toninhoferragutti.com.br\/wp-content\/uploads\/2021\/09\/toninho-ferragutti-1-mob.jpg","url":"https:\/\/toninhoferragutti.com.br\/wp-content\/uploads\/2021\/09\/toninho-ferragutti-1-mob.jpg","contentUrl":"https:\/\/toninhoferragutti.com.br\/wp-content\/uploads\/2021\/09\/toninho-ferragutti-1-mob.jpg","width":400,"height":700,"caption":"toninho"},"logo":{"@id":"https:\/\/toninhoferragutti.com.br\/wp-content\/uploads\/2021\/09\/toninho-ferragutti-1-mob.jpg"}}]}},"_links":{"self":[{"href":"https:\/\/toninhoferragutti.com.br\/en\/wp-json\/wp\/v2\/pages\/6060","targetHints":{"allow":["GET"]}}],"collection":[{"href":"https:\/\/toninhoferragutti.com.br\/en\/wp-json\/wp\/v2\/pages"}],"about":[{"href":"https:\/\/toninhoferragutti.com.br\/en\/wp-json\/wp\/v2\/types\/page"}],"author":[{"embeddable":true,"href":"https:\/\/toninhoferragutti.com.br\/en\/wp-json\/wp\/v2\/users\/1"}],"replies":[{"embeddable":true,"href":"https:\/\/toninhoferragutti.com.br\/en\/wp-json\/wp\/v2\/comments?post=6060"}],"version-history":[{"count":0,"href":"https:\/\/toninhoferragutti.com.br\/en\/wp-json\/wp\/v2\/pages\/6060\/revisions"}],"up":[{"embeddable":true,"href":"https:\/\/toninhoferragutti.com.br\/en\/wp-json\/wp\/v2\/pages\/6072"}],"wp:attachment":[{"href":"https:\/\/toninhoferragutti.com.br\/en\/wp-json\/wp\/v2\/media?parent=6060"}],"curies":[{"name":"wp","href":"https:\/\/api.w.org\/{rel}","templated":true}]}}